{"id":10582,"date":"2020-11-13T22:26:42","date_gmt":"2020-11-13T21:26:42","guid":{"rendered":"https:\/\/lortance.fr\/?page_id=10582"},"modified":"2021-08-28T19:39:22","modified_gmt":"2021-08-28T17:39:22","slug":"latelier-boutique","status":"publish","type":"page","link":"https:\/\/lortance.fr\/?page_id=10582","title":{"rendered":"L&rsquo;Atelier-Boutique"},"content":{"rendered":"\n<p class=\"has-text-align-center\">On fouille et on d\u00e9niche les petites p\u00e9pites et les pi\u00e8ces qui nous font de l&rsquo;oeil. Puis on assemble \u00e0 la main les bijoux en plaqu\u00e9 or &amp; en argent dans notre petit atelier. <\/p>\n\n\n\n<p class=\"has-text-align-center\">Nous souhaitons garder des prix justes, pour nos client.e.s qui le m\u00e9ritent ! Chaque bijou est envelopp\u00e9 dans un petit pochon ou une petite bo\u00eete fabriqu\u00e9.e en France \ud83c\uddeb\ud83c\uddf7.<\/p>\n\n\n\n<p class=\"has-text-align-center has-text-color\" style=\"color:#6c767f\">Vous pouvez d\u00e9couvrir les bijoux \u00e0 L&rsquo;Atelier 102, boutique avec les sacs de notre Maman <a href=\"http:\/\/www.annejerome.fr\" data-type=\"URL\" data-id=\"www.annejerome.fr\">Anne J\u00e9r\u00f4me<\/a>. <br>\ud83d\udccd102 rue du G\u00e9n\u00e9ral de Gaulle &#8211; 60510 La Neuville en Hez<\/p>\n\n\n\n<p class=\"has-text-align-center\">A tr\u00e8s vite &amp; au plaisir de vous rencontrer \u2728<\/p>\n\n\n\n<p class=\"has-text-align-center\">El\u00e9onore &amp; Constance<\/p>\n\n\n\n<p class=\"has-text-align-center\"><img fetchpriority=\"high\" decoding=\"async\" width=\"350\" height=\"338\" class=\"wp-image-11723\" style=\"width: 350px;\" src=\"https:\/\/lortance.fr\/wp-content\/uploads\/2021\/08\/Atelier-LOrtance.jpeg\" alt=\"\" srcset=\"https:\/\/lortance.fr\/wp-content\/uploads\/2021\/08\/Atelier-LOrtance.jpeg 950w, https:\/\/lortance.fr\/wp-content\/uploads\/2021\/08\/Atelier-LOrtance-300x290.jpeg 300w, https:\/\/lortance.fr\/wp-content\/uploads\/2021\/08\/Atelier-LOrtance-768x742.jpeg 768w, https:\/\/lortance.fr\/wp-content\/uploads\/2021\/08\/Atelier-LOrtance-600x580.jpeg 600w\" sizes=\"(max-width: 350px) 100vw, 350px\" \/><\/p>\n","protected":false},"excerpt":{"rendered":"<p>On fouille et on d\u00e9niche les petites p\u00e9pites et les pi\u00e8ces qui nous font de l&rsquo;oeil. Puis on assemble \u00e0 la main les bijoux en plaqu\u00e9 or &amp; en argent dans notre petit atelier. Nous souhaitons garder des prix justes, pour nos client.e.s qui le m\u00e9ritent ! Chaque bijou est envelopp\u00e9 dans un petit pochon [&hellip;]<\/p>\n","protected":false},"author":1,"featured_media":0,"parent":0,"menu_order":0,"comment_status":"closed","ping_status":"closed","template":"","meta":{"_seopress_robots_primary_cat":"","_seopress_titles_title":"","_seopress_titles_desc":"","_seopress_robots_index":"","_seopress_analysis_target_kw":"","footnotes":""},"class_list":["post-10582","page","type-page","status-publish","hentry"],"_links":{"self":[{"href":"https:\/\/lortance.fr\/index.php?rest_route=\/wp\/v2\/pages\/10582","targetHints":{"allow":["GET"]}}],"collection":[{"href":"https:\/\/lortance.fr\/index.php?rest_route=\/wp\/v2\/pages"}],"about":[{"href":"https:\/\/lortance.fr\/index.php?rest_route=\/wp\/v2\/types\/page"}],"author":[{"embeddable":true,"href":"https:\/\/lortance.fr\/index.php?rest_route=\/wp\/v2\/users\/1"}],"replies":[{"embeddable":true,"href":"https:\/\/lortance.fr\/index.php?rest_route=%2Fwp%2Fv2%2Fcomments&post=10582"}],"version-history":[{"count":9,"href":"https:\/\/lortance.fr\/index.php?rest_route=\/wp\/v2\/pages\/10582\/revisions"}],"predecessor-version":[{"id":11728,"href":"https:\/\/lortance.fr\/index.php?rest_route=\/wp\/v2\/pages\/10582\/revisions\/11728"}],"wp:attachment":[{"href":"https:\/\/lortance.fr\/index.php?rest_route=%2Fwp%2Fv2%2Fmedia&parent=10582"}],"curies":[{"name":"wp","href":"https:\/\/api.w.org\/{rel}","templated":true}]}}