{"id":11736,"date":"2021-08-29T09:40:45","date_gmt":"2021-08-29T07:40:45","guid":{"rendered":"https:\/\/lortance.fr\/?page_id=11736"},"modified":"2021-08-29T09:40:45","modified_gmt":"2021-08-29T07:40:45","slug":"conseils-dentretien","status":"publish","type":"page","link":"https:\/\/lortance.fr\/?page_id=11736","title":{"rendered":"Conseils d&rsquo;entretien"},"content":{"rendered":"\n<p>Les bijoux L&rsquo;Ortance sont en plaqu\u00e9 or ou en argent 925. <br>Bien souvent agr\u00e9ment\u00e9s de nacres naturelles, de pierres semi-pr\u00e9cieuses ou de perles d&rsquo;eau douce.<br><\/p>\n\n\n\n<p>Les bijoux en <strong>plaqu\u00e9 or <\/strong>sont en laiton puis rev\u00eatus d\u2019une couche d\u2019or 18 carats, 3 microns d\u2019\u00e9paisseur.\u00a0<\/p>\n\n\n\n<p><\/p>\n\n\n\n<p>Pour que vos bijoux gardent tout leur \u00e9clat, nous vous conseillons de ne pas les laisser au contact de l&rsquo;eau, ni d&rsquo;y mettre du gel hydroalcoolique, ils risqueraient de moins bien vieillir.<\/p>\n\n\n\n<p><\/p>\n\n\n\n<p>Pour les bijoux en <strong>argent<\/strong>, \u00e9viter \u00e9galement de les laisser dans une pi\u00e8ce humide.<br>Si vous observez un peu de noirceur, pas de panique, c&rsquo;est un ph\u00e9nom\u00e8ne naturel d\u00fb \u00e0 l&rsquo;oxydation. Cela s&rsquo;enl\u00e8ve facilement avec du dentifrice par exemple ! <\/p>\n\n\n\n<p>Nous restons \u00e0 votre disposition pour vos questions,<\/p>\n\n\n\n<p><\/p>\n\n\n\n<p>El\u00e9onore &amp; Constance<\/p>\n\n\n\n<p><\/p>\n\n\n\n<p><\/p>\n\n\n\n<p><\/p>\n\n\n\n<p><\/p>\n\n\n\n<p><\/p>\n\n\n\n<p><\/p>\n","protected":false},"excerpt":{"rendered":"<p>Les bijoux L&rsquo;Ortance sont en plaqu\u00e9 or ou en argent 925. Bien souvent agr\u00e9ment\u00e9s de nacres naturelles, de pierres semi-pr\u00e9cieuses ou de perles d&rsquo;eau douce. Les bijoux en plaqu\u00e9 or sont en laiton puis rev\u00eatus d\u2019une couche d\u2019or 18 carats, 3 microns d\u2019\u00e9paisseur.\u00a0 Pour que vos bijoux gardent tout leur \u00e9clat, nous vous conseillons de [&hellip;]<\/p>\n","protected":false},"author":1,"featured_media":0,"parent":0,"menu_order":0,"comment_status":"closed","ping_status":"closed","template":"","meta":{"_seopress_robots_primary_cat":"","_seopress_titles_title":"","_seopress_titles_desc":"","_seopress_robots_index":"","footnotes":""},"class_list":["post-11736","page","type-page","status-publish","hentry"],"_links":{"self":[{"href":"https:\/\/lortance.fr\/index.php?rest_route=\/wp\/v2\/pages\/11736","targetHints":{"allow":["GET"]}}],"collection":[{"href":"https:\/\/lortance.fr\/index.php?rest_route=\/wp\/v2\/pages"}],"about":[{"href":"https:\/\/lortance.fr\/index.php?rest_route=\/wp\/v2\/types\/page"}],"author":[{"embeddable":true,"href":"https:\/\/lortance.fr\/index.php?rest_route=\/wp\/v2\/users\/1"}],"replies":[{"embeddable":true,"href":"https:\/\/lortance.fr\/index.php?rest_route=%2Fwp%2Fv2%2Fcomments&post=11736"}],"version-history":[{"count":4,"href":"https:\/\/lortance.fr\/index.php?rest_route=\/wp\/v2\/pages\/11736\/revisions"}],"predecessor-version":[{"id":11757,"href":"https:\/\/lortance.fr\/index.php?rest_route=\/wp\/v2\/pages\/11736\/revisions\/11757"}],"wp:attachment":[{"href":"https:\/\/lortance.fr\/index.php?rest_route=%2Fwp%2Fv2%2Fmedia&parent=11736"}],"curies":[{"name":"wp","href":"https:\/\/api.w.org\/{rel}","templated":true}]}}