{"id":11762,"date":"2021-08-29T10:44:00","date_gmt":"2021-08-29T08:44:00","guid":{"rendered":"https:\/\/lortance.fr\/?page_id=11762"},"modified":"2021-08-29T14:29:32","modified_gmt":"2021-08-29T12:29:32","slug":"guide-des-tailles","status":"publish","type":"page","link":"https:\/\/lortance.fr\/?page_id=11762","title":{"rendered":"Guide des tailles"},"content":{"rendered":"\n<h2 class=\"wp-block-heading\">Parce que le bijou le plus beau est celui qui vous va !<\/h2>\n\n\n\n<p class=\"has-text-align-left\">\u26a1\ufe0f<strong>Le compas dans l&rsquo;oeil pour les bagues :<\/strong><\/p>\n\n\n\n<p class=\"has-text-align-left\">Pour que la bague qui vous fait de l&rsquo;oeil soit pile poil \u00e0 votre taille ! La petite astuce est&#8230;<\/p>\n\n\n\n<p class=\"has-text-align-left\">\u00c0 l&rsquo;aide d&rsquo;une feuille de papier d\u00e9coup\u00e9e en forme de ruban.<\/p>\n\n\n\n<p class=\"has-text-align-left\">Enroulez le ruban autour de votre\u00a0doigt\u00a0puis faites un repaire o\u00f9 le papier se superpose. <br>Ensuite, mesurez votre ruban de papier d\u00e9pli\u00e9. <br>R\u00e9f\u00e9rez-vous maintenant au tableau ci-dessous pour conna\u00eetre votre taille de doigt.<\/p>\n\n\n\n<figure class=\"wp-block-table is-style-stripes\"><table class=\"has-text-color\" style=\"color:#736e34\"><tbody><tr><td class=\"has-text-align-center\" data-align=\"center\"><strong>La longueur en mm de votre ruban annot\u00e9<\/strong><\/td><td class=\"has-text-align-center\" data-align=\"center\"><strong>Le diam\u00e8tre de la bague qui vous conviendra<\/strong><\/td><\/tr><tr><td class=\"has-text-align-center\" data-align=\"center\">15,3<\/td><td class=\"has-text-align-center\" data-align=\"center\">48<\/td><\/tr><tr><td class=\"has-text-align-center\" data-align=\"center\">15,8<\/td><td class=\"has-text-align-center\" data-align=\"center\">50<\/td><\/tr><tr><td class=\"has-text-align-center\" data-align=\"center\">16,5<\/td><td class=\"has-text-align-center\" data-align=\"center\">52<\/td><\/tr><tr><td class=\"has-text-align-center\" data-align=\"center\">17,3<\/td><td class=\"has-text-align-center\" data-align=\"center\">54<\/td><\/tr><tr><td class=\"has-text-align-center\" data-align=\"center\">17,8<\/td><td class=\"has-text-align-center\" data-align=\"center\">56<\/td><\/tr><tr><td class=\"has-text-align-center\" data-align=\"center\">18,4<\/td><td class=\"has-text-align-center\" data-align=\"center\">58<\/td><\/tr><tr><td class=\"has-text-align-center\" data-align=\"center\">19,2<\/td><td class=\"has-text-align-center\" data-align=\"center\">60<\/td><\/tr><\/tbody><\/table><\/figure>\n\n\n\n<p class=\"has-text-align-center\"><em><a href=\"https:\/\/lortance.fr\/?product_cat=bagues\" data-type=\"URL\" data-id=\"https:\/\/lortance.fr\/?product_cat=bagues\" target=\"_blank\" rel=\"noreferrer noopener\">Voir les bagues<\/a><\/em><\/p>\n\n\n\n<p>\u26a1\ufe0f<strong>Le compas dans l&rsquo;oeil pour les colliers :<\/strong><\/p>\n\n\n\n<p>Un coup de pouce pour le choix parfait \ud83e\udd0d<\/p>\n\n\n\n<figure class=\"wp-block-image size-large\"><img fetchpriority=\"high\" decoding=\"async\" width=\"1024\" height=\"1024\" src=\"https:\/\/lortance.fr\/wp-content\/uploads\/2021\/08\/Longueurs-colliers@72x-8-1-1024x1024.png\" alt=\"\" class=\"wp-image-11764\" srcset=\"https:\/\/lortance.fr\/wp-content\/uploads\/2021\/08\/Longueurs-colliers@72x-8-1-1024x1024.png 1024w, https:\/\/lortance.fr\/wp-content\/uploads\/2021\/08\/Longueurs-colliers@72x-8-1-300x300.png 300w, https:\/\/lortance.fr\/wp-content\/uploads\/2021\/08\/Longueurs-colliers@72x-8-1-150x150.png 150w, https:\/\/lortance.fr\/wp-content\/uploads\/2021\/08\/Longueurs-colliers@72x-8-1-768x768.png 768w, https:\/\/lortance.fr\/wp-content\/uploads\/2021\/08\/Longueurs-colliers@72x-8-1-1536x1536.png 1536w, https:\/\/lortance.fr\/wp-content\/uploads\/2021\/08\/Longueurs-colliers@72x-8-1-600x600.png 600w, https:\/\/lortance.fr\/wp-content\/uploads\/2021\/08\/Longueurs-colliers@72x-8-1-100x100.png 100w, https:\/\/lortance.fr\/wp-content\/uploads\/2021\/08\/Longueurs-colliers@72x-8-1.png 2000w\" sizes=\"(max-width: 1024px) 100vw, 1024px\" \/><\/figure>\n\n\n\n<p class=\"has-text-align-center\"><em><a rel=\"noreferrer noopener\" href=\"https:\/\/lortance.fr\/?product_cat=colliers\" data-type=\"URL\" data-id=\"https:\/\/lortance.fr\/?product_cat=colliers\" target=\"_blank\">Voir les colliers<\/a><\/em><\/p>\n","protected":false},"excerpt":{"rendered":"<p>Parce que le bijou le plus beau est celui qui vous va ! \u26a1\ufe0fLe compas dans l&rsquo;oeil pour les bagues : Pour que la bague qui vous fait de l&rsquo;oeil soit pile poil \u00e0 votre taille ! La petite astuce est&#8230; \u00c0 l&rsquo;aide d&rsquo;une feuille de papier d\u00e9coup\u00e9e en forme de ruban. Enroulez le ruban [&hellip;]<\/p>\n","protected":false},"author":1,"featured_media":0,"parent":0,"menu_order":0,"comment_status":"closed","ping_status":"closed","template":"","meta":{"_seopress_robots_primary_cat":"","_seopress_titles_title":"","_seopress_titles_desc":"","_seopress_robots_index":"","_seopress_analysis_target_kw":"","footnotes":""},"class_list":["post-11762","page","type-page","status-publish","hentry"],"_links":{"self":[{"href":"https:\/\/lortance.fr\/index.php?rest_route=\/wp\/v2\/pages\/11762","targetHints":{"allow":["GET"]}}],"collection":[{"href":"https:\/\/lortance.fr\/index.php?rest_route=\/wp\/v2\/pages"}],"about":[{"href":"https:\/\/lortance.fr\/index.php?rest_route=\/wp\/v2\/types\/page"}],"author":[{"embeddable":true,"href":"https:\/\/lortance.fr\/index.php?rest_route=\/wp\/v2\/users\/1"}],"replies":[{"embeddable":true,"href":"https:\/\/lortance.fr\/index.php?rest_route=%2Fwp%2Fv2%2Fcomments&post=11762"}],"version-history":[{"count":8,"href":"https:\/\/lortance.fr\/index.php?rest_route=\/wp\/v2\/pages\/11762\/revisions"}],"predecessor-version":[{"id":11778,"href":"https:\/\/lortance.fr\/index.php?rest_route=\/wp\/v2\/pages\/11762\/revisions\/11778"}],"wp:attachment":[{"href":"https:\/\/lortance.fr\/index.php?rest_route=%2Fwp%2Fv2%2Fmedia&parent=11762"}],"curies":[{"name":"wp","href":"https:\/\/api.w.org\/{rel}","templated":true}]}}