{"id":656,"date":"2019-09-21T16:20:57","date_gmt":"2019-09-21T14:20:57","guid":{"rendered":"https:\/\/lortance.fr\/?page_id=656"},"modified":"2022-05-11T21:10:12","modified_gmt":"2022-05-11T19:10:12","slug":"nous-sommes","status":"publish","type":"page","link":"https:\/\/lortance.fr\/?page_id=656","title":{"rendered":"Nous sommes&#8230;"},"content":{"rendered":"\n<p>El\u00e9onore &amp; Constance.<\/p>\n\n\n\n<p>Chacune avons la chance d&rsquo;avoir eu ce tr\u00e9sor de belle valeur, une soeur jumelle \ud83e\udd0d<\/p>\n\n\n\n<p>L&rsquo;envie de se r\u00e9unir autour d&rsquo;un projet commun. Une id\u00e9e en t\u00eate depuis un petit bout de temps&#8230;<\/p>\n\n\n\n<p>Et hop, L&rsquo;Ortance fleurit l&rsquo;\u00e9t\u00e9 2019. Par ici, nous cultiverons le bon go\u00fbt et s\u00e8merons les bijoux de L&rsquo;Ortance un peu partout sur vous durant les quatre saisons.<\/p>\n\n\n\n<p>Nous avons chacune un secteur qui nous passionne, et qui forme notre m\u00e9tier : Constance le droit &amp; El\u00e9onore la communication\/marketing. L&rsquo;Ortance c&rsquo;est se retrouver le weekend autour de cette m\u00eame passion : les petits bijoux dor\u00e9s &amp; argent\u00e9s\ud83e\udd0d.<\/p>\n\n\n\n<p>On a h\u00e2te de vous munir de petits bijoux en plaqu\u00e9 or et argent ! <\/p>\n\n\n\n<p>C&rsquo;est parti, l&rsquo;aventure a commenc\u00e9 ! Embarquez avec nous !  <\/p>\n\n\n\n<figure class=\"wp-block-image size-large\"><img fetchpriority=\"high\" decoding=\"async\" width=\"768\" height=\"1024\" src=\"https:\/\/lortance.fr\/wp-content\/uploads\/2021\/08\/Ele\u0301onore-Constance-768x1024.jpeg\" alt=\"\" class=\"wp-image-11715\" srcset=\"https:\/\/lortance.fr\/wp-content\/uploads\/2021\/08\/Ele\u0301onore-Constance-768x1024.jpeg 768w, https:\/\/lortance.fr\/wp-content\/uploads\/2021\/08\/Ele\u0301onore-Constance-225x300.jpeg 225w, https:\/\/lortance.fr\/wp-content\/uploads\/2021\/08\/Ele\u0301onore-Constance-1152x1536.jpeg 1152w, https:\/\/lortance.fr\/wp-content\/uploads\/2021\/08\/Ele\u0301onore-Constance-1536x2048.jpeg 1536w, https:\/\/lortance.fr\/wp-content\/uploads\/2021\/08\/Ele\u0301onore-Constance-600x800.jpeg 600w, https:\/\/lortance.fr\/wp-content\/uploads\/2021\/08\/Ele\u0301onore-Constance-scaled.jpeg 1920w\" sizes=\"(max-width: 768px) 100vw, 768px\" \/><\/figure>\n","protected":false},"excerpt":{"rendered":"<p>El\u00e9onore &amp; Constance. Chacune avons la chance d&rsquo;avoir eu ce tr\u00e9sor de belle valeur, une soeur jumelle \ud83e\udd0d L&rsquo;envie de se r\u00e9unir autour d&rsquo;un projet commun. Une id\u00e9e en t\u00eate depuis un petit bout de temps&#8230; Et hop, L&rsquo;Ortance fleurit l&rsquo;\u00e9t\u00e9 2019. Par ici, nous cultiverons le bon go\u00fbt et s\u00e8merons les bijoux de L&rsquo;Ortance [&hellip;]<\/p>\n","protected":false},"author":1,"featured_media":0,"parent":0,"menu_order":0,"comment_status":"closed","ping_status":"closed","template":"","meta":{"_seopress_robots_primary_cat":"","_seopress_titles_title":"","_seopress_titles_desc":"","_seopress_robots_index":"","footnotes":""},"class_list":["post-656","page","type-page","status-publish","hentry"],"_links":{"self":[{"href":"https:\/\/lortance.fr\/index.php?rest_route=\/wp\/v2\/pages\/656","targetHints":{"allow":["GET"]}}],"collection":[{"href":"https:\/\/lortance.fr\/index.php?rest_route=\/wp\/v2\/pages"}],"about":[{"href":"https:\/\/lortance.fr\/index.php?rest_route=\/wp\/v2\/types\/page"}],"author":[{"embeddable":true,"href":"https:\/\/lortance.fr\/index.php?rest_route=\/wp\/v2\/users\/1"}],"replies":[{"embeddable":true,"href":"https:\/\/lortance.fr\/index.php?rest_route=%2Fwp%2Fv2%2Fcomments&post=656"}],"version-history":[{"count":13,"href":"https:\/\/lortance.fr\/index.php?rest_route=\/wp\/v2\/pages\/656\/revisions"}],"predecessor-version":[{"id":13271,"href":"https:\/\/lortance.fr\/index.php?rest_route=\/wp\/v2\/pages\/656\/revisions\/13271"}],"wp:attachment":[{"href":"https:\/\/lortance.fr\/index.php?rest_route=%2Fwp%2Fv2%2Fmedia&parent=656"}],"curies":[{"name":"wp","href":"https:\/\/api.w.org\/{rel}","templated":true}]}}