{"id":10047,"date":"2020-10-01T19:23:53","date_gmt":"2020-10-01T17:23:53","guid":{"rendered":"https:\/\/lortance.fr\/?post_type=product&#038;p=10047"},"modified":"2022-02-21T11:48:53","modified_gmt":"2022-02-21T10:48:53","slug":"romy-2","status":"publish","type":"product","link":"https:\/\/lortance.fr\/?product=romy-2","title":{"rendered":"Romy &#8211; Argent"},"content":{"rendered":"","protected":false},"excerpt":{"rendered":"<p>Cr\u00e9oles compos\u00e9es de billes en argent.<\/p>\n<p>Les boucles sont livr\u00e9es dans un petit pochon. L&rsquo;argent r\u00e9siste \u00e0 l&rsquo;eau.<\/p>\n<p>2,9 cm de hauteur.<\/p>\n","protected":false},"featured_media":9997,"template":"","meta":{"_seopress_robots_primary_cat":"","_seopress_titles_title":"","_seopress_titles_desc":"","_seopress_robots_index":"","_seopress_analysis_target_kw":""},"product_brand":[],"product_cat":[61,36,38,127,147],"product_tag":[],"class_list":{"0":"post-10047","1":"product","2":"type-product","3":"status-publish","4":"has-post-thumbnail","6":"product_cat-argent","7":"product_cat-bijoux","8":"product_cat-bo","9":"product_cat-bo-argent","10":"product_cat-gift-wrap","12":"first","13":"instock","14":"purchasable","15":"product-type-simple"},"_links":{"self":[{"href":"https:\/\/lortance.fr\/index.php?rest_route=\/wp\/v2\/product\/10047","targetHints":{"allow":["GET"]}}],"collection":[{"href":"https:\/\/lortance.fr\/index.php?rest_route=\/wp\/v2\/product"}],"about":[{"href":"https:\/\/lortance.fr\/index.php?rest_route=\/wp\/v2\/types\/product"}],"wp:featuredmedia":[{"embeddable":true,"href":"https:\/\/lortance.fr\/index.php?rest_route=\/wp\/v2\/media\/9997"}],"wp:attachment":[{"href":"https:\/\/lortance.fr\/index.php?rest_route=%2Fwp%2Fv2%2Fmedia&parent=10047"}],"wp:term":[{"taxonomy":"product_brand","embeddable":true,"href":"https:\/\/lortance.fr\/index.php?rest_route=%2Fwp%2Fv2%2Fproduct_brand&post=10047"},{"taxonomy":"product_cat","embeddable":true,"href":"https:\/\/lortance.fr\/index.php?rest_route=%2Fwp%2Fv2%2Fproduct_cat&post=10047"},{"taxonomy":"product_tag","embeddable":true,"href":"https:\/\/lortance.fr\/index.php?rest_route=%2Fwp%2Fv2%2Fproduct_tag&post=10047"}],"curies":[{"name":"wp","href":"https:\/\/api.w.org\/{rel}","templated":true}]}}