{"id":10286,"date":"2020-10-26T09:41:12","date_gmt":"2020-10-26T08:41:12","guid":{"rendered":"https:\/\/lortance.fr\/?post_type=product&#038;p=10286"},"modified":"2020-11-12T19:03:24","modified_gmt":"2020-11-12T18:03:24","slug":"carte-cadeaux-2","status":"publish","type":"product","link":"https:\/\/lortance.fr\/?product=carte-cadeaux-2","title":{"rendered":"Carte Cadeau"},"content":{"rendered":"<pre>A vous de choisir le montant d\u00e9sir\u00e9 !\r\n\r\nVous recevrez la carte cadeau par envoi postal.\r\n\r\nN'h\u00e9sitez pas \u00e0 nous contacter si le montant souhait\u00e9 n'est pas propos\u00e9.\r\n\r\nCarte cadeau valable \u00e0 l\u2019Atelier et sur le site internet lortance.fr.\r\n\r\nCarte valable 6 mois \u00e0 compter de l\u2019achat (indiqu\u00e9e sur la carte cadeau).\r\n\r\n\r\n<\/pre>\n","protected":false},"excerpt":{"rendered":"<p>A vous de choisir le montant d\u00e9sir\u00e9 ! Vous recevrez la carte cadeau par envoi postal. N&rsquo;h\u00e9sitez pas \u00e0 nous contacter si le montant souhait\u00e9 n&rsquo;est pas propos\u00e9. Carte cadeau valable \u00e0 l\u2019Atelier et sur le site internet lortance.fr. Carte valable 6 mois \u00e0 compter de l\u2019achat (indiqu\u00e9e sur la carte cadeau).<\/p>\n","protected":false},"featured_media":7305,"template":"","meta":{"_seopress_robots_primary_cat":"","_seopress_titles_title":"","_seopress_titles_desc":"","_seopress_robots_index":""},"product_brand":[],"product_cat":[144],"product_tag":[],"class_list":{"0":"post-10286","1":"product","2":"type-product","3":"status-publish","4":"has-post-thumbnail","6":"product_cat-cartes-cadeaux","8":"first","9":"instock","10":"purchasable","11":"product-type-variable"},"_links":{"self":[{"href":"https:\/\/lortance.fr\/index.php?rest_route=\/wp\/v2\/product\/10286","targetHints":{"allow":["GET"]}}],"collection":[{"href":"https:\/\/lortance.fr\/index.php?rest_route=\/wp\/v2\/product"}],"about":[{"href":"https:\/\/lortance.fr\/index.php?rest_route=\/wp\/v2\/types\/product"}],"wp:featuredmedia":[{"embeddable":true,"href":"https:\/\/lortance.fr\/index.php?rest_route=\/wp\/v2\/media\/7305"}],"wp:attachment":[{"href":"https:\/\/lortance.fr\/index.php?rest_route=%2Fwp%2Fv2%2Fmedia&parent=10286"}],"wp:term":[{"taxonomy":"product_brand","embeddable":true,"href":"https:\/\/lortance.fr\/index.php?rest_route=%2Fwp%2Fv2%2Fproduct_brand&post=10286"},{"taxonomy":"product_cat","embeddable":true,"href":"https:\/\/lortance.fr\/index.php?rest_route=%2Fwp%2Fv2%2Fproduct_cat&post=10286"},{"taxonomy":"product_tag","embeddable":true,"href":"https:\/\/lortance.fr\/index.php?rest_route=%2Fwp%2Fv2%2Fproduct_tag&post=10286"}],"curies":[{"name":"wp","href":"https:\/\/api.w.org\/{rel}","templated":true}]}}