{"id":10454,"date":"2020-11-11T19:11:59","date_gmt":"2020-11-11T18:11:59","guid":{"rendered":"https:\/\/lortance.fr\/?post_type=product&#038;p=10454"},"modified":"2022-05-14T11:43:17","modified_gmt":"2022-05-14T09:43:17","slug":"anna","status":"publish","type":"product","link":"https:\/\/lortance.fr\/?product=anna","title":{"rendered":"Annie"},"content":{"rendered":"","protected":false},"excerpt":{"rendered":"<p>Collier en plaqu\u00e9 or. Ajustable de 40 cm \u00e0 45 cm.<\/p>\n<p>Le plaqu\u00e9 or r\u00e9siste \u00e0 l&#8217;eau. Le bijou est livr\u00e9 dans un pochon.<\/p>\n","protected":false},"featured_media":10456,"template":"","meta":{"_seopress_robots_primary_cat":"","_seopress_titles_title":"","_seopress_titles_desc":"","_seopress_robots_index":""},"product_brand":[],"product_cat":[36,35,122,147,62],"product_tag":[],"class_list":{"0":"post-10454","1":"product","2":"type-product","3":"status-publish","4":"has-post-thumbnail","6":"product_cat-bijoux","7":"product_cat-colliers","8":"product_cat-colliers-plaque-or","9":"product_cat-gift-wrap","10":"product_cat-plaqueor","12":"first","13":"outofstock","14":"purchasable","15":"product-type-simple"},"_links":{"self":[{"href":"https:\/\/lortance.fr\/index.php?rest_route=\/wp\/v2\/product\/10454","targetHints":{"allow":["GET"]}}],"collection":[{"href":"https:\/\/lortance.fr\/index.php?rest_route=\/wp\/v2\/product"}],"about":[{"href":"https:\/\/lortance.fr\/index.php?rest_route=\/wp\/v2\/types\/product"}],"wp:featuredmedia":[{"embeddable":true,"href":"https:\/\/lortance.fr\/index.php?rest_route=\/wp\/v2\/media\/10456"}],"wp:attachment":[{"href":"https:\/\/lortance.fr\/index.php?rest_route=%2Fwp%2Fv2%2Fmedia&parent=10454"}],"wp:term":[{"taxonomy":"product_brand","embeddable":true,"href":"https:\/\/lortance.fr\/index.php?rest_route=%2Fwp%2Fv2%2Fproduct_brand&post=10454"},{"taxonomy":"product_cat","embeddable":true,"href":"https:\/\/lortance.fr\/index.php?rest_route=%2Fwp%2Fv2%2Fproduct_cat&post=10454"},{"taxonomy":"product_tag","embeddable":true,"href":"https:\/\/lortance.fr\/index.php?rest_route=%2Fwp%2Fv2%2Fproduct_tag&post=10454"}],"curies":[{"name":"wp","href":"https:\/\/api.w.org\/{rel}","templated":true}]}}