{"id":10886,"date":"2020-12-27T12:03:22","date_gmt":"2020-12-27T11:03:22","guid":{"rendered":"https:\/\/lortance.fr\/?post_type=product&#038;p=10886"},"modified":"2022-12-06T18:41:15","modified_gmt":"2022-12-06T17:41:15","slug":"augustine","status":"publish","type":"product","link":"https:\/\/lortance.fr\/?product=augustine","title":{"rendered":"Augustine \u2022 Plaqu\u00e9 Or"},"content":{"rendered":"","protected":false},"excerpt":{"rendered":"<p>Boucles d\u2019oreilles en plaqu\u00e9 or, fermoir \u00e0 clou.<\/p>\n<p>Environ 1,8 cm de hauteur.<\/p>\n<p>Les boucles sont livr\u00e9es dans un petit pochon. Le plaqu\u00e9 or r\u00e9siste \u00e0 l\u2019eau.<\/p>\n","protected":false},"featured_media":13969,"template":"","meta":{"_seopress_robots_primary_cat":"none","_seopress_titles_title":"","_seopress_titles_desc":"","_seopress_robots_index":"","_seopress_analysis_target_kw":""},"product_brand":[],"product_cat":[36,38,126,137,62],"product_tag":[],"class_list":{"0":"post-10886","1":"product","2":"type-product","3":"status-publish","4":"has-post-thumbnail","6":"product_cat-bijoux","7":"product_cat-bo","8":"product_cat-bo-or","9":"product_cat-clous","10":"product_cat-plaqueor","12":"first","13":"instock","14":"purchasable","15":"product-type-simple"},"_links":{"self":[{"href":"https:\/\/lortance.fr\/index.php?rest_route=\/wp\/v2\/product\/10886","targetHints":{"allow":["GET"]}}],"collection":[{"href":"https:\/\/lortance.fr\/index.php?rest_route=\/wp\/v2\/product"}],"about":[{"href":"https:\/\/lortance.fr\/index.php?rest_route=\/wp\/v2\/types\/product"}],"wp:featuredmedia":[{"embeddable":true,"href":"https:\/\/lortance.fr\/index.php?rest_route=\/wp\/v2\/media\/13969"}],"wp:attachment":[{"href":"https:\/\/lortance.fr\/index.php?rest_route=%2Fwp%2Fv2%2Fmedia&parent=10886"}],"wp:term":[{"taxonomy":"product_brand","embeddable":true,"href":"https:\/\/lortance.fr\/index.php?rest_route=%2Fwp%2Fv2%2Fproduct_brand&post=10886"},{"taxonomy":"product_cat","embeddable":true,"href":"https:\/\/lortance.fr\/index.php?rest_route=%2Fwp%2Fv2%2Fproduct_cat&post=10886"},{"taxonomy":"product_tag","embeddable":true,"href":"https:\/\/lortance.fr\/index.php?rest_route=%2Fwp%2Fv2%2Fproduct_tag&post=10886"}],"curies":[{"name":"wp","href":"https:\/\/api.w.org\/{rel}","templated":true}]}}