{"id":11125,"date":"2021-02-28T17:08:36","date_gmt":"2021-02-28T16:08:36","guid":{"rendered":"https:\/\/lortance.fr\/?post_type=product&#038;p=11125"},"modified":"2025-01-11T19:49:08","modified_gmt":"2025-01-11T18:49:08","slug":"violette","status":"publish","type":"product","link":"https:\/\/lortance.fr\/?product=violette","title":{"rendered":"Violette"},"content":{"rendered":"","protected":false},"excerpt":{"rendered":"<p>Le collier est en plaqu\u00e9 or, muni d&rsquo;une m\u00e9daille laurier &amp; d&rsquo;un tr\u00e8fle.<\/p>\n<p>La m\u00e9daille mesure 2 cm de diam\u00e8tre.<\/p>\n<p>La longueur de la cha\u00eene est \u00e0 choisir.<\/p>\n","protected":false},"featured_media":11132,"template":"","meta":{"_seopress_robots_primary_cat":"none","_seopress_titles_title":"","_seopress_titles_desc":"","_seopress_robots_index":""},"product_brand":[],"product_cat":[36,35,122,62],"product_tag":[],"class_list":{"0":"post-11125","1":"product","2":"type-product","3":"status-publish","4":"has-post-thumbnail","6":"product_cat-bijoux","7":"product_cat-colliers","8":"product_cat-colliers-plaque-or","9":"product_cat-plaqueor","11":"first","12":"instock","13":"purchasable","14":"product-type-variable"},"_links":{"self":[{"href":"https:\/\/lortance.fr\/index.php?rest_route=\/wp\/v2\/product\/11125","targetHints":{"allow":["GET"]}}],"collection":[{"href":"https:\/\/lortance.fr\/index.php?rest_route=\/wp\/v2\/product"}],"about":[{"href":"https:\/\/lortance.fr\/index.php?rest_route=\/wp\/v2\/types\/product"}],"wp:featuredmedia":[{"embeddable":true,"href":"https:\/\/lortance.fr\/index.php?rest_route=\/wp\/v2\/media\/11132"}],"wp:attachment":[{"href":"https:\/\/lortance.fr\/index.php?rest_route=%2Fwp%2Fv2%2Fmedia&parent=11125"}],"wp:term":[{"taxonomy":"product_brand","embeddable":true,"href":"https:\/\/lortance.fr\/index.php?rest_route=%2Fwp%2Fv2%2Fproduct_brand&post=11125"},{"taxonomy":"product_cat","embeddable":true,"href":"https:\/\/lortance.fr\/index.php?rest_route=%2Fwp%2Fv2%2Fproduct_cat&post=11125"},{"taxonomy":"product_tag","embeddable":true,"href":"https:\/\/lortance.fr\/index.php?rest_route=%2Fwp%2Fv2%2Fproduct_tag&post=11125"}],"curies":[{"name":"wp","href":"https:\/\/api.w.org\/{rel}","templated":true}]}}