{"id":11313,"date":"2021-03-07T19:10:50","date_gmt":"2021-03-07T18:10:50","guid":{"rendered":"https:\/\/lortance.fr\/?post_type=product&#038;p=11313"},"modified":"2021-08-21T15:52:15","modified_gmt":"2021-08-21T13:52:15","slug":"scarlet-violette","status":"publish","type":"product","link":"https:\/\/lortance.fr\/?product=scarlet-violette","title":{"rendered":"Scarlet &#8211; Violette"},"content":{"rendered":"","protected":false},"excerpt":{"rendered":"<p>Clic en pierre, avec mousqueton en plaqu\u00e9 or vous permettant de l&#8217;accrocher \u00e0 votre bijou favori !<\/p>\n<p>D&#8217;une pierre \u00e0 l&#8217;autre la couleur peut l\u00e9g\u00e8rement varier.<\/p>\n","protected":false},"featured_media":11316,"template":"","meta":{"_seopress_robots_primary_cat":"","_seopress_titles_title":"","_seopress_titles_desc":"","_seopress_robots_index":""},"product_brand":[],"product_cat":[143,134],"product_tag":[],"class_list":{"0":"post-11313","1":"product","2":"type-product","3":"status-publish","4":"has-post-thumbnail","6":"product_cat-clics","7":"product_cat-mixez","9":"first","10":"instock","11":"purchasable","12":"product-type-simple"},"_links":{"self":[{"href":"https:\/\/lortance.fr\/index.php?rest_route=\/wp\/v2\/product\/11313","targetHints":{"allow":["GET"]}}],"collection":[{"href":"https:\/\/lortance.fr\/index.php?rest_route=\/wp\/v2\/product"}],"about":[{"href":"https:\/\/lortance.fr\/index.php?rest_route=\/wp\/v2\/types\/product"}],"wp:featuredmedia":[{"embeddable":true,"href":"https:\/\/lortance.fr\/index.php?rest_route=\/wp\/v2\/media\/11316"}],"wp:attachment":[{"href":"https:\/\/lortance.fr\/index.php?rest_route=%2Fwp%2Fv2%2Fmedia&parent=11313"}],"wp:term":[{"taxonomy":"product_brand","embeddable":true,"href":"https:\/\/lortance.fr\/index.php?rest_route=%2Fwp%2Fv2%2Fproduct_brand&post=11313"},{"taxonomy":"product_cat","embeddable":true,"href":"https:\/\/lortance.fr\/index.php?rest_route=%2Fwp%2Fv2%2Fproduct_cat&post=11313"},{"taxonomy":"product_tag","embeddable":true,"href":"https:\/\/lortance.fr\/index.php?rest_route=%2Fwp%2Fv2%2Fproduct_tag&post=11313"}],"curies":[{"name":"wp","href":"https:\/\/api.w.org\/{rel}","templated":true}]}}