{"id":11315,"date":"2021-03-07T19:15:48","date_gmt":"2021-03-07T18:15:48","guid":{"rendered":"https:\/\/lortance.fr\/?post_type=product&#038;p=11315"},"modified":"2021-08-21T15:52:05","modified_gmt":"2021-08-21T13:52:05","slug":"scarlet-rose","status":"publish","type":"product","link":"https:\/\/lortance.fr\/?product=scarlet-rose","title":{"rendered":"Scarlet &#8211; Rose"},"content":{"rendered":"","protected":false},"excerpt":{"rendered":"<p>Clic en pierre, avec mousqueton en plaqu\u00e9 or vous permettant de l&rsquo;accrocher \u00e0 votre bijou favori !<\/p>\n<p>D&rsquo;une pierre \u00e0 l&rsquo;autre la couleur peut l\u00e9g\u00e8rement varier.<\/p>\n","protected":false},"featured_media":11228,"template":"","meta":{"_seopress_robots_primary_cat":"","_seopress_titles_title":"","_seopress_titles_desc":"","_seopress_robots_index":""},"product_brand":[],"product_cat":[143,134],"product_tag":[],"class_list":{"0":"post-11315","1":"product","2":"type-product","3":"status-publish","4":"has-post-thumbnail","6":"product_cat-clics","7":"product_cat-mixez","9":"first","10":"instock","11":"purchasable","12":"product-type-simple"},"_links":{"self":[{"href":"https:\/\/lortance.fr\/index.php?rest_route=\/wp\/v2\/product\/11315","targetHints":{"allow":["GET"]}}],"collection":[{"href":"https:\/\/lortance.fr\/index.php?rest_route=\/wp\/v2\/product"}],"about":[{"href":"https:\/\/lortance.fr\/index.php?rest_route=\/wp\/v2\/types\/product"}],"wp:featuredmedia":[{"embeddable":true,"href":"https:\/\/lortance.fr\/index.php?rest_route=\/wp\/v2\/media\/11228"}],"wp:attachment":[{"href":"https:\/\/lortance.fr\/index.php?rest_route=%2Fwp%2Fv2%2Fmedia&parent=11315"}],"wp:term":[{"taxonomy":"product_brand","embeddable":true,"href":"https:\/\/lortance.fr\/index.php?rest_route=%2Fwp%2Fv2%2Fproduct_brand&post=11315"},{"taxonomy":"product_cat","embeddable":true,"href":"https:\/\/lortance.fr\/index.php?rest_route=%2Fwp%2Fv2%2Fproduct_cat&post=11315"},{"taxonomy":"product_tag","embeddable":true,"href":"https:\/\/lortance.fr\/index.php?rest_route=%2Fwp%2Fv2%2Fproduct_tag&post=11315"}],"curies":[{"name":"wp","href":"https:\/\/api.w.org\/{rel}","templated":true}]}}