{"id":115,"date":"2019-09-08T17:48:52","date_gmt":"2019-09-08T15:48:52","guid":{"rendered":"http:\/\/lortance.fr\/?post_type=product&#038;p=115"},"modified":"2020-05-01T16:42:26","modified_gmt":"2020-05-01T14:42:26","slug":"eleonora","status":"publish","type":"product","link":"https:\/\/lortance.fr\/?product=eleonora","title":{"rendered":"El\u00e9onora \u2022 Petit mod\u00e8le"},"content":{"rendered":"","protected":false},"excerpt":{"rendered":"<p>Cr\u00e9oles en plaqu\u00e9 or.<\/p>\n<p>1,5 cm de diam\u00e8tre.<\/p>\n<p>Bijou livr\u00e9 dans un petit pochon. Le plaqu\u00e9 or r\u00e9siste \u00e0 l&rsquo;eau.<\/p>\n<p>Existe en mod\u00e8le de 2,7 cm de diam\u00e8tre.<\/p>\n<p>&nbsp;<\/p>\n","protected":false},"featured_media":116,"template":"","meta":{"_seopress_robots_primary_cat":"","_seopress_titles_title":"","_seopress_titles_desc":"","_seopress_robots_index":"","_seopress_analysis_target_kw":""},"product_brand":[],"product_cat":[36,38,126,136,62],"product_tag":[],"class_list":{"0":"post-115","1":"product","2":"type-product","3":"status-publish","4":"has-post-thumbnail","6":"product_cat-bijoux","7":"product_cat-bo","8":"product_cat-bo-or","9":"product_cat-mini-creoles","10":"product_cat-plaqueor","12":"first","13":"instock","14":"purchasable","15":"product-type-simple"},"_links":{"self":[{"href":"https:\/\/lortance.fr\/index.php?rest_route=\/wp\/v2\/product\/115","targetHints":{"allow":["GET"]}}],"collection":[{"href":"https:\/\/lortance.fr\/index.php?rest_route=\/wp\/v2\/product"}],"about":[{"href":"https:\/\/lortance.fr\/index.php?rest_route=\/wp\/v2\/types\/product"}],"wp:featuredmedia":[{"embeddable":true,"href":"https:\/\/lortance.fr\/index.php?rest_route=\/wp\/v2\/media\/116"}],"wp:attachment":[{"href":"https:\/\/lortance.fr\/index.php?rest_route=%2Fwp%2Fv2%2Fmedia&parent=115"}],"wp:term":[{"taxonomy":"product_brand","embeddable":true,"href":"https:\/\/lortance.fr\/index.php?rest_route=%2Fwp%2Fv2%2Fproduct_brand&post=115"},{"taxonomy":"product_cat","embeddable":true,"href":"https:\/\/lortance.fr\/index.php?rest_route=%2Fwp%2Fv2%2Fproduct_cat&post=115"},{"taxonomy":"product_tag","embeddable":true,"href":"https:\/\/lortance.fr\/index.php?rest_route=%2Fwp%2Fv2%2Fproduct_tag&post=115"}],"curies":[{"name":"wp","href":"https:\/\/api.w.org\/{rel}","templated":true}]}}