{"id":11556,"date":"2021-05-29T13:49:12","date_gmt":"2021-05-29T11:49:12","guid":{"rendered":"https:\/\/lortance.fr\/?post_type=product&#038;p=11556"},"modified":"2022-02-22T17:35:15","modified_gmt":"2022-02-22T16:35:15","slug":"louisa-2","status":"publish","type":"product","link":"https:\/\/lortance.fr\/?product=louisa-2","title":{"rendered":"Louisa"},"content":{"rendered":"","protected":false},"excerpt":{"rendered":"<p>Bracelet en plaqu\u00e9 or avec fermoir. Longueur r\u00e9glable.<\/p>\n<p>Le plaqu\u00e9 or r\u00e9siste \u00e0 l\u2019eau. Le bijou est livr\u00e9 dans un pochon.<br \/>\nN\u2019h\u00e9sitez pas \u00e0 nous contacter si vous avez un doute sur la taille afin qu\u2019il soit adapt\u00e9 parfaitement \u00e0 votre poignet !<\/p>\n","protected":false},"featured_media":13160,"template":"","meta":{"_seopress_robots_primary_cat":"none","_seopress_titles_title":"","_seopress_titles_desc":"","_seopress_robots_index":"","_seopress_analysis_target_kw":""},"product_brand":[],"product_cat":[36,27,121,147,62],"product_tag":[],"class_list":{"0":"post-11556","1":"product","2":"type-product","3":"status-publish","4":"has-post-thumbnail","6":"product_cat-bijoux","7":"product_cat-bracelets","8":"product_cat-bracelets-plaque-or","9":"product_cat-gift-wrap","10":"product_cat-plaqueor","12":"first","13":"instock","14":"purchasable","15":"product-type-simple"},"_links":{"self":[{"href":"https:\/\/lortance.fr\/index.php?rest_route=\/wp\/v2\/product\/11556","targetHints":{"allow":["GET"]}}],"collection":[{"href":"https:\/\/lortance.fr\/index.php?rest_route=\/wp\/v2\/product"}],"about":[{"href":"https:\/\/lortance.fr\/index.php?rest_route=\/wp\/v2\/types\/product"}],"wp:featuredmedia":[{"embeddable":true,"href":"https:\/\/lortance.fr\/index.php?rest_route=\/wp\/v2\/media\/13160"}],"wp:attachment":[{"href":"https:\/\/lortance.fr\/index.php?rest_route=%2Fwp%2Fv2%2Fmedia&parent=11556"}],"wp:term":[{"taxonomy":"product_brand","embeddable":true,"href":"https:\/\/lortance.fr\/index.php?rest_route=%2Fwp%2Fv2%2Fproduct_brand&post=11556"},{"taxonomy":"product_cat","embeddable":true,"href":"https:\/\/lortance.fr\/index.php?rest_route=%2Fwp%2Fv2%2Fproduct_cat&post=11556"},{"taxonomy":"product_tag","embeddable":true,"href":"https:\/\/lortance.fr\/index.php?rest_route=%2Fwp%2Fv2%2Fproduct_tag&post=11556"}],"curies":[{"name":"wp","href":"https:\/\/api.w.org\/{rel}","templated":true}]}}