{"id":11911,"date":"2021-10-09T16:05:06","date_gmt":"2021-10-09T14:05:06","guid":{"rendered":"https:\/\/lortance.fr\/?post_type=product&#038;p=11911"},"modified":"2024-04-02T21:17:24","modified_gmt":"2024-04-02T19:17:24","slug":"colette-jonc-vert","status":"publish","type":"product","link":"https:\/\/lortance.fr\/?product=colette-jonc-vert","title":{"rendered":"Colette &#8211; Jonc Vert"},"content":{"rendered":"","protected":false},"excerpt":{"rendered":"<p>Jonc en plaqu\u00e9 or avec deux pierres kaki (Zicornium). Il convient \u00e0 tous les poignets, puisqu&rsquo;il se r\u00e8gle en le pressant l\u00e9g\u00e8rement avec la force de vos mains.<\/p>\n<p>Le plaqu\u00e9 or r\u00e9siste \u00e0 l&rsquo;eau. Le bijou est livr\u00e9 dans un pochon.<\/p>\n","protected":false},"featured_media":11912,"template":"","meta":{"_seopress_robots_primary_cat":"","_seopress_titles_title":"","_seopress_titles_desc":"","_seopress_robots_index":""},"product_brand":[],"product_cat":[36,27,121,147,157,62],"product_tag":[],"class_list":{"0":"post-11911","1":"product","2":"type-product","3":"status-publish","4":"has-post-thumbnail","6":"product_cat-bijoux","7":"product_cat-bracelets","8":"product_cat-bracelets-plaque-or","9":"product_cat-gift-wrap","10":"product_cat-joncs","11":"product_cat-plaqueor","13":"first","14":"instock","15":"purchasable","16":"product-type-simple"},"_links":{"self":[{"href":"https:\/\/lortance.fr\/index.php?rest_route=\/wp\/v2\/product\/11911","targetHints":{"allow":["GET"]}}],"collection":[{"href":"https:\/\/lortance.fr\/index.php?rest_route=\/wp\/v2\/product"}],"about":[{"href":"https:\/\/lortance.fr\/index.php?rest_route=\/wp\/v2\/types\/product"}],"wp:featuredmedia":[{"embeddable":true,"href":"https:\/\/lortance.fr\/index.php?rest_route=\/wp\/v2\/media\/11912"}],"wp:attachment":[{"href":"https:\/\/lortance.fr\/index.php?rest_route=%2Fwp%2Fv2%2Fmedia&parent=11911"}],"wp:term":[{"taxonomy":"product_brand","embeddable":true,"href":"https:\/\/lortance.fr\/index.php?rest_route=%2Fwp%2Fv2%2Fproduct_brand&post=11911"},{"taxonomy":"product_cat","embeddable":true,"href":"https:\/\/lortance.fr\/index.php?rest_route=%2Fwp%2Fv2%2Fproduct_cat&post=11911"},{"taxonomy":"product_tag","embeddable":true,"href":"https:\/\/lortance.fr\/index.php?rest_route=%2Fwp%2Fv2%2Fproduct_tag&post=11911"}],"curies":[{"name":"wp","href":"https:\/\/api.w.org\/{rel}","templated":true}]}}