{"id":11956,"date":"2021-10-10T15:03:33","date_gmt":"2021-10-10T13:03:33","guid":{"rendered":"https:\/\/lortance.fr\/?post_type=product&#038;p=11956"},"modified":"2023-04-08T15:00:01","modified_gmt":"2023-04-08T13:00:01","slug":"segolene","status":"publish","type":"product","link":"https:\/\/lortance.fr\/?product=segolene","title":{"rendered":"S\u00e9gol\u00e8ne"},"content":{"rendered":"","protected":false},"excerpt":{"rendered":"<p>Bague en plaqu\u00e9 or et zirconium.<br \/>\n(effet illumination de votre tenue garanti !)<\/p>\n<p>Bijou livr\u00e9 dans un petit pochon. Le plaqu\u00e9 or r\u00e9siste \u00e0 l&rsquo;eau.<\/p>\n<p>&nbsp;<\/p>\n","protected":false},"featured_media":12620,"template":"","meta":{"_seopress_robots_primary_cat":"none","_seopress_titles_title":"","_seopress_titles_desc":"","_seopress_robots_index":""},"product_brand":[],"product_cat":[19,125,36,147,62],"product_tag":[],"class_list":{"0":"post-11956","1":"product","2":"type-product","3":"status-publish","4":"has-post-thumbnail","6":"product_cat-bagues","7":"product_cat-bague-plaque-or","8":"product_cat-bijoux","9":"product_cat-gift-wrap","10":"product_cat-plaqueor","12":"first","13":"instock","14":"purchasable","15":"product-type-variable"},"_links":{"self":[{"href":"https:\/\/lortance.fr\/index.php?rest_route=\/wp\/v2\/product\/11956","targetHints":{"allow":["GET"]}}],"collection":[{"href":"https:\/\/lortance.fr\/index.php?rest_route=\/wp\/v2\/product"}],"about":[{"href":"https:\/\/lortance.fr\/index.php?rest_route=\/wp\/v2\/types\/product"}],"wp:featuredmedia":[{"embeddable":true,"href":"https:\/\/lortance.fr\/index.php?rest_route=\/wp\/v2\/media\/12620"}],"wp:attachment":[{"href":"https:\/\/lortance.fr\/index.php?rest_route=%2Fwp%2Fv2%2Fmedia&parent=11956"}],"wp:term":[{"taxonomy":"product_brand","embeddable":true,"href":"https:\/\/lortance.fr\/index.php?rest_route=%2Fwp%2Fv2%2Fproduct_brand&post=11956"},{"taxonomy":"product_cat","embeddable":true,"href":"https:\/\/lortance.fr\/index.php?rest_route=%2Fwp%2Fv2%2Fproduct_cat&post=11956"},{"taxonomy":"product_tag","embeddable":true,"href":"https:\/\/lortance.fr\/index.php?rest_route=%2Fwp%2Fv2%2Fproduct_tag&post=11956"}],"curies":[{"name":"wp","href":"https:\/\/api.w.org\/{rel}","templated":true}]}}