{"id":12003,"date":"2021-10-10T16:34:20","date_gmt":"2021-10-10T14:34:20","guid":{"rendered":"https:\/\/lortance.fr\/?post_type=product&#038;p=12003"},"modified":"2024-05-08T09:02:21","modified_gmt":"2024-05-08T07:02:21","slug":"rita","status":"publish","type":"product","link":"https:\/\/lortance.fr\/?product=rita","title":{"rendered":"Maria &#8211; Collier"},"content":{"rendered":"","protected":false},"excerpt":{"rendered":"<p>Collier en plaqu\u00e9 or ajustable.<\/p>\n<p>Le plaqu\u00e9 or r\u00e9siste \u00e0 l\u2019eau. Le bijou est livr\u00e9 dans un pochon.<\/p>\n","protected":false},"featured_media":11880,"template":"","meta":{"_seopress_robots_primary_cat":"none","_seopress_titles_title":"","_seopress_titles_desc":"","_seopress_robots_index":""},"product_brand":[],"product_cat":[36,35,122,62],"product_tag":[],"class_list":{"0":"post-12003","1":"product","2":"type-product","3":"status-publish","4":"has-post-thumbnail","6":"product_cat-bijoux","7":"product_cat-colliers","8":"product_cat-colliers-plaque-or","9":"product_cat-plaqueor","11":"first","12":"instock","13":"purchasable","14":"product-type-simple"},"_links":{"self":[{"href":"https:\/\/lortance.fr\/index.php?rest_route=\/wp\/v2\/product\/12003","targetHints":{"allow":["GET"]}}],"collection":[{"href":"https:\/\/lortance.fr\/index.php?rest_route=\/wp\/v2\/product"}],"about":[{"href":"https:\/\/lortance.fr\/index.php?rest_route=\/wp\/v2\/types\/product"}],"wp:featuredmedia":[{"embeddable":true,"href":"https:\/\/lortance.fr\/index.php?rest_route=\/wp\/v2\/media\/11880"}],"wp:attachment":[{"href":"https:\/\/lortance.fr\/index.php?rest_route=%2Fwp%2Fv2%2Fmedia&parent=12003"}],"wp:term":[{"taxonomy":"product_brand","embeddable":true,"href":"https:\/\/lortance.fr\/index.php?rest_route=%2Fwp%2Fv2%2Fproduct_brand&post=12003"},{"taxonomy":"product_cat","embeddable":true,"href":"https:\/\/lortance.fr\/index.php?rest_route=%2Fwp%2Fv2%2Fproduct_cat&post=12003"},{"taxonomy":"product_tag","embeddable":true,"href":"https:\/\/lortance.fr\/index.php?rest_route=%2Fwp%2Fv2%2Fproduct_tag&post=12003"}],"curies":[{"name":"wp","href":"https:\/\/api.w.org\/{rel}","templated":true}]}}