{"id":12103,"date":"2021-10-17T15:56:32","date_gmt":"2021-10-17T13:56:32","guid":{"rendered":"https:\/\/lortance.fr\/?post_type=product&#038;p=12103"},"modified":"2023-01-30T21:14:01","modified_gmt":"2023-01-30T20:14:01","slug":"luz","status":"publish","type":"product","link":"https:\/\/lortance.fr\/?product=luz","title":{"rendered":"Luz"},"content":{"rendered":"","protected":false},"excerpt":{"rendered":"<p>Boucles d&#8217;oreilles \u00e0 clous en plaqu\u00e9 or et zirconium.<\/p>\n<p>1cm.<\/p>\n<p>Le plaqu\u00e9 or r\u00e9siste \u00e0 l&#8217;eau. Le bijou est livr\u00e9 dans un pochon.<\/p>\n","protected":false},"featured_media":12104,"template":"","meta":{"_seopress_robots_primary_cat":"none","_seopress_titles_title":"","_seopress_titles_desc":"","_seopress_robots_index":""},"product_brand":[],"product_cat":[36,38,126,147,62],"product_tag":[],"class_list":{"0":"post-12103","1":"product","2":"type-product","3":"status-publish","4":"has-post-thumbnail","6":"product_cat-bijoux","7":"product_cat-bo","8":"product_cat-bo-or","9":"product_cat-gift-wrap","10":"product_cat-plaqueor","12":"first","13":"outofstock","14":"purchasable","15":"product-type-simple"},"_links":{"self":[{"href":"https:\/\/lortance.fr\/index.php?rest_route=\/wp\/v2\/product\/12103","targetHints":{"allow":["GET"]}}],"collection":[{"href":"https:\/\/lortance.fr\/index.php?rest_route=\/wp\/v2\/product"}],"about":[{"href":"https:\/\/lortance.fr\/index.php?rest_route=\/wp\/v2\/types\/product"}],"wp:featuredmedia":[{"embeddable":true,"href":"https:\/\/lortance.fr\/index.php?rest_route=\/wp\/v2\/media\/12104"}],"wp:attachment":[{"href":"https:\/\/lortance.fr\/index.php?rest_route=%2Fwp%2Fv2%2Fmedia&parent=12103"}],"wp:term":[{"taxonomy":"product_brand","embeddable":true,"href":"https:\/\/lortance.fr\/index.php?rest_route=%2Fwp%2Fv2%2Fproduct_brand&post=12103"},{"taxonomy":"product_cat","embeddable":true,"href":"https:\/\/lortance.fr\/index.php?rest_route=%2Fwp%2Fv2%2Fproduct_cat&post=12103"},{"taxonomy":"product_tag","embeddable":true,"href":"https:\/\/lortance.fr\/index.php?rest_route=%2Fwp%2Fv2%2Fproduct_tag&post=12103"}],"curies":[{"name":"wp","href":"https:\/\/api.w.org\/{rel}","templated":true}]}}