{"id":12147,"date":"2021-10-17T19:05:25","date_gmt":"2021-10-17T17:05:25","guid":{"rendered":"https:\/\/lortance.fr\/?post_type=product&#038;p=12147"},"modified":"2022-10-16T19:36:56","modified_gmt":"2022-10-16T17:36:56","slug":"albertine","status":"publish","type":"product","link":"https:\/\/lortance.fr\/?product=albertine","title":{"rendered":"Albertine \u2022 Argent"},"content":{"rendered":"","protected":false},"excerpt":{"rendered":"<p>Boucles d&#8217;oreilles \u00e0 clous en argent avec fines pierres de zirconium.<\/p>\n<p>1 cm de diam\u00e8tre.<\/p>\n<p>Le plaqu\u00e9 or r\u00e9siste \u00e0 l&#8217;eau. Le bijou est livr\u00e9 dans un pochon.<\/p>\n","protected":false},"featured_media":12149,"template":"","meta":{"_seopress_robots_primary_cat":"none","_seopress_titles_title":"","_seopress_titles_desc":"","_seopress_robots_index":""},"product_brand":[],"product_cat":[61,36,38,127,147],"product_tag":[],"class_list":{"0":"post-12147","1":"product","2":"type-product","3":"status-publish","4":"has-post-thumbnail","6":"product_cat-argent","7":"product_cat-bijoux","8":"product_cat-bo","9":"product_cat-bo-argent","10":"product_cat-gift-wrap","12":"first","13":"instock","14":"purchasable","15":"product-type-simple"},"_links":{"self":[{"href":"https:\/\/lortance.fr\/index.php?rest_route=\/wp\/v2\/product\/12147","targetHints":{"allow":["GET"]}}],"collection":[{"href":"https:\/\/lortance.fr\/index.php?rest_route=\/wp\/v2\/product"}],"about":[{"href":"https:\/\/lortance.fr\/index.php?rest_route=\/wp\/v2\/types\/product"}],"wp:featuredmedia":[{"embeddable":true,"href":"https:\/\/lortance.fr\/index.php?rest_route=\/wp\/v2\/media\/12149"}],"wp:attachment":[{"href":"https:\/\/lortance.fr\/index.php?rest_route=%2Fwp%2Fv2%2Fmedia&parent=12147"}],"wp:term":[{"taxonomy":"product_brand","embeddable":true,"href":"https:\/\/lortance.fr\/index.php?rest_route=%2Fwp%2Fv2%2Fproduct_brand&post=12147"},{"taxonomy":"product_cat","embeddable":true,"href":"https:\/\/lortance.fr\/index.php?rest_route=%2Fwp%2Fv2%2Fproduct_cat&post=12147"},{"taxonomy":"product_tag","embeddable":true,"href":"https:\/\/lortance.fr\/index.php?rest_route=%2Fwp%2Fv2%2Fproduct_tag&post=12147"}],"curies":[{"name":"wp","href":"https:\/\/api.w.org\/{rel}","templated":true}]}}