{"id":12163,"date":"2021-11-07T12:13:14","date_gmt":"2021-11-07T11:13:14","guid":{"rendered":"https:\/\/lortance.fr\/?post_type=product&#038;p=12163"},"modified":"2023-01-17T16:20:47","modified_gmt":"2023-01-17T15:20:47","slug":"julio-argent","status":"publish","type":"product","link":"https:\/\/lortance.fr\/?product=julio-argent","title":{"rendered":"Julio &#8211; Argent"},"content":{"rendered":"","protected":false},"excerpt":{"rendered":"<p>Bracelet en plaqu\u00e9 or avec fermoir.<br \/>\nLe cercle mesure 20mm de diam\u00e8tre.<\/p>\n<p>Le plaqu\u00e9 or r\u00e9siste \u00e0 l\u2019eau. Le bijou est livr\u00e9 dans un pochon.<\/p>\n","protected":false},"featured_media":12178,"template":"","meta":{"_seopress_robots_primary_cat":"none","_seopress_titles_title":"","_seopress_titles_desc":"","_seopress_robots_index":""},"product_brand":[],"product_cat":[61,36,27,119,121,147],"product_tag":[],"class_list":{"0":"post-12163","1":"product","2":"type-product","3":"status-publish","4":"has-post-thumbnail","6":"product_cat-argent","7":"product_cat-bijoux","8":"product_cat-bracelets","9":"product_cat-bracelets-argent","10":"product_cat-bracelets-plaque-or","11":"product_cat-gift-wrap","13":"first","14":"outofstock","15":"purchasable","16":"product-type-simple"},"_links":{"self":[{"href":"https:\/\/lortance.fr\/index.php?rest_route=\/wp\/v2\/product\/12163","targetHints":{"allow":["GET"]}}],"collection":[{"href":"https:\/\/lortance.fr\/index.php?rest_route=\/wp\/v2\/product"}],"about":[{"href":"https:\/\/lortance.fr\/index.php?rest_route=\/wp\/v2\/types\/product"}],"wp:featuredmedia":[{"embeddable":true,"href":"https:\/\/lortance.fr\/index.php?rest_route=\/wp\/v2\/media\/12178"}],"wp:attachment":[{"href":"https:\/\/lortance.fr\/index.php?rest_route=%2Fwp%2Fv2%2Fmedia&parent=12163"}],"wp:term":[{"taxonomy":"product_brand","embeddable":true,"href":"https:\/\/lortance.fr\/index.php?rest_route=%2Fwp%2Fv2%2Fproduct_brand&post=12163"},{"taxonomy":"product_cat","embeddable":true,"href":"https:\/\/lortance.fr\/index.php?rest_route=%2Fwp%2Fv2%2Fproduct_cat&post=12163"},{"taxonomy":"product_tag","embeddable":true,"href":"https:\/\/lortance.fr\/index.php?rest_route=%2Fwp%2Fv2%2Fproduct_tag&post=12163"}],"curies":[{"name":"wp","href":"https:\/\/api.w.org\/{rel}","templated":true}]}}