{"id":12194,"date":"2021-11-07T14:22:53","date_gmt":"2021-11-07T13:22:53","guid":{"rendered":"https:\/\/lortance.fr\/?post_type=product&#038;p=12194"},"modified":"2022-09-14T19:20:12","modified_gmt":"2022-09-14T17:20:12","slug":"allye-argent-blanc","status":"publish","type":"product","link":"https:\/\/lortance.fr\/?product=allye-argent-blanc","title":{"rendered":"Allye &#8211; Argent &#8211; Blanc"},"content":{"rendered":"","protected":false},"excerpt":{"rendered":"<p>Collier en plaqu\u00e9 or avec pierre en zirconium blanc au centre. Ajustable \u00e0 40 cm et 42 cm.<\/p>\n<p>La couleur de la pierre peut l\u00e9g\u00e8rement varier.<\/p>\n<p>Le plaqu\u00e9 or r\u00e9siste \u00e0 l&#8217;eau. Le bijou est livr\u00e9 dans un pochon.<\/p>\n","protected":false},"featured_media":12192,"template":"","meta":{"_seopress_robots_primary_cat":"none","_seopress_titles_title":"","_seopress_titles_desc":"","_seopress_robots_index":""},"product_brand":[],"product_cat":[61,36,35,120,147],"product_tag":[],"class_list":{"0":"post-12194","1":"product","2":"type-product","3":"status-publish","4":"has-post-thumbnail","6":"product_cat-argent","7":"product_cat-bijoux","8":"product_cat-colliers","9":"product_cat-colliers-argent","10":"product_cat-gift-wrap","12":"first","13":"outofstock","14":"purchasable","15":"product-type-simple"},"_links":{"self":[{"href":"https:\/\/lortance.fr\/index.php?rest_route=\/wp\/v2\/product\/12194","targetHints":{"allow":["GET"]}}],"collection":[{"href":"https:\/\/lortance.fr\/index.php?rest_route=\/wp\/v2\/product"}],"about":[{"href":"https:\/\/lortance.fr\/index.php?rest_route=\/wp\/v2\/types\/product"}],"wp:featuredmedia":[{"embeddable":true,"href":"https:\/\/lortance.fr\/index.php?rest_route=\/wp\/v2\/media\/12192"}],"wp:attachment":[{"href":"https:\/\/lortance.fr\/index.php?rest_route=%2Fwp%2Fv2%2Fmedia&parent=12194"}],"wp:term":[{"taxonomy":"product_brand","embeddable":true,"href":"https:\/\/lortance.fr\/index.php?rest_route=%2Fwp%2Fv2%2Fproduct_brand&post=12194"},{"taxonomy":"product_cat","embeddable":true,"href":"https:\/\/lortance.fr\/index.php?rest_route=%2Fwp%2Fv2%2Fproduct_cat&post=12194"},{"taxonomy":"product_tag","embeddable":true,"href":"https:\/\/lortance.fr\/index.php?rest_route=%2Fwp%2Fv2%2Fproduct_tag&post=12194"}],"curies":[{"name":"wp","href":"https:\/\/api.w.org\/{rel}","templated":true}]}}