{"id":12577,"date":"2022-02-01T10:55:43","date_gmt":"2022-02-01T09:55:43","guid":{"rendered":"https:\/\/lortance.fr\/?post_type=product&#038;p=12577"},"modified":"2022-09-12T12:03:05","modified_gmt":"2022-09-12T10:03:05","slug":"valentin","status":"publish","type":"product","link":"https:\/\/lortance.fr\/?product=valentin","title":{"rendered":"Valentin"},"content":{"rendered":"","protected":false},"excerpt":{"rendered":"<p>Bracelet en plaqu\u00e9 or avec petites pastilles \u00ab\u00a0coeur\u00a0\u00bb.<\/p>\n<p>Le plaqu\u00e9 or r\u00e9siste \u00e0 l&rsquo;eau. Le bijou est livr\u00e9 dans un pochon.<\/p>\n","protected":false},"featured_media":12560,"template":"","meta":{"_seopress_robots_primary_cat":"none","_seopress_titles_title":"","_seopress_titles_desc":"","_seopress_robots_index":""},"product_brand":[],"product_cat":[36,27,121,62],"product_tag":[],"class_list":{"0":"post-12577","1":"product","2":"type-product","3":"status-publish","4":"has-post-thumbnail","6":"product_cat-bijoux","7":"product_cat-bracelets","8":"product_cat-bracelets-plaque-or","9":"product_cat-plaqueor","11":"first","12":"instock","13":"purchasable","14":"product-type-simple"},"_links":{"self":[{"href":"https:\/\/lortance.fr\/index.php?rest_route=\/wp\/v2\/product\/12577","targetHints":{"allow":["GET"]}}],"collection":[{"href":"https:\/\/lortance.fr\/index.php?rest_route=\/wp\/v2\/product"}],"about":[{"href":"https:\/\/lortance.fr\/index.php?rest_route=\/wp\/v2\/types\/product"}],"wp:featuredmedia":[{"embeddable":true,"href":"https:\/\/lortance.fr\/index.php?rest_route=\/wp\/v2\/media\/12560"}],"wp:attachment":[{"href":"https:\/\/lortance.fr\/index.php?rest_route=%2Fwp%2Fv2%2Fmedia&parent=12577"}],"wp:term":[{"taxonomy":"product_brand","embeddable":true,"href":"https:\/\/lortance.fr\/index.php?rest_route=%2Fwp%2Fv2%2Fproduct_brand&post=12577"},{"taxonomy":"product_cat","embeddable":true,"href":"https:\/\/lortance.fr\/index.php?rest_route=%2Fwp%2Fv2%2Fproduct_cat&post=12577"},{"taxonomy":"product_tag","embeddable":true,"href":"https:\/\/lortance.fr\/index.php?rest_route=%2Fwp%2Fv2%2Fproduct_tag&post=12577"}],"curies":[{"name":"wp","href":"https:\/\/api.w.org\/{rel}","templated":true}]}}