{"id":12627,"date":"2022-02-03T16:53:10","date_gmt":"2022-02-03T15:53:10","guid":{"rendered":"https:\/\/lortance.fr\/?post_type=product&#038;p=12627"},"modified":"2024-12-16T18:57:54","modified_gmt":"2024-12-16T17:57:54","slug":"apolline-argent","status":"publish","type":"product","link":"https:\/\/lortance.fr\/?product=apolline-argent","title":{"rendered":"Apolline"},"content":{"rendered":"","protected":false},"excerpt":{"rendered":"<p>Bague en argent rhodi\u00e9 ou plaqu\u00e9 or avec pierres de zirconium. D\u00e9licatesse assur\u00e9e !<\/p>\n<p>Bijou livr\u00e9 dans un petit pochon. Le plaqu\u00e9 or et l&rsquo;argent r\u00e9sistent \u00e0 l\u2019eau.<\/p>\n<p>&nbsp;<\/p>\n","protected":false},"featured_media":12806,"template":"","meta":{"_seopress_robots_primary_cat":"none","_seopress_titles_title":"","_seopress_titles_desc":"","_seopress_robots_index":"","_seopress_analysis_target_kw":""},"product_brand":[],"product_cat":[61,19,117,125,36,174,62],"product_tag":[],"class_list":{"0":"post-12627","1":"product","2":"type-product","3":"status-publish","4":"has-post-thumbnail","6":"product_cat-argent","7":"product_cat-bagues","8":"product_cat-bagues-argent","9":"product_cat-bague-plaque-or","10":"product_cat-bijoux","11":"product_cat-nos-essentiels","12":"product_cat-plaqueor","14":"first","15":"instock","16":"purchasable","17":"product-type-variable"},"_links":{"self":[{"href":"https:\/\/lortance.fr\/index.php?rest_route=\/wp\/v2\/product\/12627","targetHints":{"allow":["GET"]}}],"collection":[{"href":"https:\/\/lortance.fr\/index.php?rest_route=\/wp\/v2\/product"}],"about":[{"href":"https:\/\/lortance.fr\/index.php?rest_route=\/wp\/v2\/types\/product"}],"wp:featuredmedia":[{"embeddable":true,"href":"https:\/\/lortance.fr\/index.php?rest_route=\/wp\/v2\/media\/12806"}],"wp:attachment":[{"href":"https:\/\/lortance.fr\/index.php?rest_route=%2Fwp%2Fv2%2Fmedia&parent=12627"}],"wp:term":[{"taxonomy":"product_brand","embeddable":true,"href":"https:\/\/lortance.fr\/index.php?rest_route=%2Fwp%2Fv2%2Fproduct_brand&post=12627"},{"taxonomy":"product_cat","embeddable":true,"href":"https:\/\/lortance.fr\/index.php?rest_route=%2Fwp%2Fv2%2Fproduct_cat&post=12627"},{"taxonomy":"product_tag","embeddable":true,"href":"https:\/\/lortance.fr\/index.php?rest_route=%2Fwp%2Fv2%2Fproduct_tag&post=12627"}],"curies":[{"name":"wp","href":"https:\/\/api.w.org\/{rel}","templated":true}]}}