{"id":1322,"date":"2019-10-13T18:55:31","date_gmt":"2019-10-13T16:55:31","guid":{"rendered":"https:\/\/lortance.fr\/?post_type=product&#038;p=1322"},"modified":"2022-10-29T11:04:39","modified_gmt":"2022-10-29T09:04:39","slug":"florette","status":"publish","type":"product","link":"https:\/\/lortance.fr\/?product=florette","title":{"rendered":"Florette \u2022 Plaqu\u00e9 Or"},"content":{"rendered":"","protected":false},"excerpt":{"rendered":"<p>Boucles d&rsquo;oreilles cr\u00e9oles en plaqu\u00e9 or avec de la nacre.<\/p>\n<p>27 mm de diam\u00e8tre.<\/p>\n<p>Bijou livr\u00e9 dans un petit pochon. Le plaqu\u00e9 or r\u00e9siste \u00e0 l&rsquo;eau.<\/p>\n<p>&nbsp;<\/p>\n","protected":false},"featured_media":13815,"template":"","meta":{"_seopress_robots_primary_cat":"none","_seopress_titles_title":"","_seopress_titles_desc":"","_seopress_robots_index":"","_seopress_analysis_target_kw":""},"product_brand":[],"product_cat":[36,38,126,137,62],"product_tag":[],"class_list":{"0":"post-1322","1":"product","2":"type-product","3":"status-publish","4":"has-post-thumbnail","6":"product_cat-bijoux","7":"product_cat-bo","8":"product_cat-bo-or","9":"product_cat-clous","10":"product_cat-plaqueor","12":"first","13":"instock","14":"purchasable","15":"product-type-simple"},"_links":{"self":[{"href":"https:\/\/lortance.fr\/index.php?rest_route=\/wp\/v2\/product\/1322","targetHints":{"allow":["GET"]}}],"collection":[{"href":"https:\/\/lortance.fr\/index.php?rest_route=\/wp\/v2\/product"}],"about":[{"href":"https:\/\/lortance.fr\/index.php?rest_route=\/wp\/v2\/types\/product"}],"wp:featuredmedia":[{"embeddable":true,"href":"https:\/\/lortance.fr\/index.php?rest_route=\/wp\/v2\/media\/13815"}],"wp:attachment":[{"href":"https:\/\/lortance.fr\/index.php?rest_route=%2Fwp%2Fv2%2Fmedia&parent=1322"}],"wp:term":[{"taxonomy":"product_brand","embeddable":true,"href":"https:\/\/lortance.fr\/index.php?rest_route=%2Fwp%2Fv2%2Fproduct_brand&post=1322"},{"taxonomy":"product_cat","embeddable":true,"href":"https:\/\/lortance.fr\/index.php?rest_route=%2Fwp%2Fv2%2Fproduct_cat&post=1322"},{"taxonomy":"product_tag","embeddable":true,"href":"https:\/\/lortance.fr\/index.php?rest_route=%2Fwp%2Fv2%2Fproduct_tag&post=1322"}],"curies":[{"name":"wp","href":"https:\/\/api.w.org\/{rel}","templated":true}]}}