{"id":1334,"date":"2019-10-13T19:16:36","date_gmt":"2019-10-13T17:16:36","guid":{"rendered":"https:\/\/lortance.fr\/?post_type=product&#038;p=1334"},"modified":"2023-11-14T19:46:49","modified_gmt":"2023-11-14T18:46:49","slug":"guillemette-2","status":"publish","type":"product","link":"https:\/\/lortance.fr\/?product=guillemette-2","title":{"rendered":"Guillemette"},"content":{"rendered":"","protected":false},"excerpt":{"rendered":"<p>Bague en plaqu\u00e9 or ou argent.<\/p>\n<p>Bijou livr\u00e9 dans un petit pochon. Le plaqu\u00e9 or et l&rsquo;argent r\u00e9sistent \u00e0 l\u2019eau.<\/p>\n<p>&nbsp;<\/p>\n","protected":false},"featured_media":13039,"template":"","meta":{"_seopress_robots_primary_cat":"none","_seopress_titles_title":"","_seopress_titles_desc":"","_seopress_robots_index":""},"product_brand":[],"product_cat":[61,19,117,125,36,147,62],"product_tag":[],"class_list":{"0":"post-1334","1":"product","2":"type-product","3":"status-publish","4":"has-post-thumbnail","6":"product_cat-argent","7":"product_cat-bagues","8":"product_cat-bagues-argent","9":"product_cat-bague-plaque-or","10":"product_cat-bijoux","11":"product_cat-gift-wrap","12":"product_cat-plaqueor","14":"first","15":"outofstock","16":"purchasable","17":"product-type-variable","18":"has-default-attributes"},"_links":{"self":[{"href":"https:\/\/lortance.fr\/index.php?rest_route=\/wp\/v2\/product\/1334","targetHints":{"allow":["GET"]}}],"collection":[{"href":"https:\/\/lortance.fr\/index.php?rest_route=\/wp\/v2\/product"}],"about":[{"href":"https:\/\/lortance.fr\/index.php?rest_route=\/wp\/v2\/types\/product"}],"wp:featuredmedia":[{"embeddable":true,"href":"https:\/\/lortance.fr\/index.php?rest_route=\/wp\/v2\/media\/13039"}],"wp:attachment":[{"href":"https:\/\/lortance.fr\/index.php?rest_route=%2Fwp%2Fv2%2Fmedia&parent=1334"}],"wp:term":[{"taxonomy":"product_brand","embeddable":true,"href":"https:\/\/lortance.fr\/index.php?rest_route=%2Fwp%2Fv2%2Fproduct_brand&post=1334"},{"taxonomy":"product_cat","embeddable":true,"href":"https:\/\/lortance.fr\/index.php?rest_route=%2Fwp%2Fv2%2Fproduct_cat&post=1334"},{"taxonomy":"product_tag","embeddable":true,"href":"https:\/\/lortance.fr\/index.php?rest_route=%2Fwp%2Fv2%2Fproduct_tag&post=1334"}],"curies":[{"name":"wp","href":"https:\/\/api.w.org\/{rel}","templated":true}]}}