{"id":13435,"date":"2022-06-11T17:48:29","date_gmt":"2022-06-11T15:48:29","guid":{"rendered":"https:\/\/lortance.fr\/?post_type=product&#038;p=13435"},"modified":"2022-10-16T19:41:37","modified_gmt":"2022-10-16T17:41:37","slug":"malo-argent","status":"publish","type":"product","link":"https:\/\/lortance.fr\/?product=malo-argent","title":{"rendered":"Malo \u2022 Argent"},"content":{"rendered":"<p>Le collier Malo est disponible \u00e9galement en Plaqu\u00e9 Or !<\/p>\n<p>La longueur de la chaine port\u00e9e sur la photo est de 40 cm.<\/p>\n","protected":false},"excerpt":{"rendered":"<p>Le collier est en plaqu\u00e9 or, muni d&rsquo;une m\u00e9daille de 15 mm de diam\u00e8tre et d&rsquo;une croix de 7mm avec pierre de zirconium.<\/p>\n<p>La longueur de la cha\u00eene est \u00e0 choisir.<\/p>\n","protected":false},"featured_media":13442,"template":"","meta":{"_seopress_robots_primary_cat":"none","_seopress_titles_title":"","_seopress_titles_desc":"","_seopress_robots_index":""},"product_brand":[],"product_cat":[36,35,122,62],"product_tag":[],"class_list":{"0":"post-13435","1":"product","2":"type-product","3":"status-publish","4":"has-post-thumbnail","6":"product_cat-bijoux","7":"product_cat-colliers","8":"product_cat-colliers-plaque-or","9":"product_cat-plaqueor","11":"first","12":"instock","13":"purchasable","14":"product-type-variable","15":"has-default-attributes"},"_links":{"self":[{"href":"https:\/\/lortance.fr\/index.php?rest_route=\/wp\/v2\/product\/13435","targetHints":{"allow":["GET"]}}],"collection":[{"href":"https:\/\/lortance.fr\/index.php?rest_route=\/wp\/v2\/product"}],"about":[{"href":"https:\/\/lortance.fr\/index.php?rest_route=\/wp\/v2\/types\/product"}],"wp:featuredmedia":[{"embeddable":true,"href":"https:\/\/lortance.fr\/index.php?rest_route=\/wp\/v2\/media\/13442"}],"wp:attachment":[{"href":"https:\/\/lortance.fr\/index.php?rest_route=%2Fwp%2Fv2%2Fmedia&parent=13435"}],"wp:term":[{"taxonomy":"product_brand","embeddable":true,"href":"https:\/\/lortance.fr\/index.php?rest_route=%2Fwp%2Fv2%2Fproduct_brand&post=13435"},{"taxonomy":"product_cat","embeddable":true,"href":"https:\/\/lortance.fr\/index.php?rest_route=%2Fwp%2Fv2%2Fproduct_cat&post=13435"},{"taxonomy":"product_tag","embeddable":true,"href":"https:\/\/lortance.fr\/index.php?rest_route=%2Fwp%2Fv2%2Fproduct_tag&post=13435"}],"curies":[{"name":"wp","href":"https:\/\/api.w.org\/{rel}","templated":true}]}}