{"id":14275,"date":"2023-02-13T18:55:59","date_gmt":"2023-02-13T17:55:59","guid":{"rendered":"https:\/\/lortance.fr\/?post_type=product&#038;p=14275"},"modified":"2025-11-21T09:55:45","modified_gmt":"2025-11-21T08:55:45","slug":"ester-boucles-doreilles","status":"publish","type":"product","link":"https:\/\/lortance.fr\/?product=ester-boucles-doreilles","title":{"rendered":"Ester \u2022 Boucles d&rsquo;oreilles"},"content":{"rendered":"","protected":false},"excerpt":{"rendered":"<p>Boucles d\u2019oreilles compos\u00e9es de trois petites fleurs. Boucle de 35 mm de long au total.<\/p>\n<p>Le mod\u00e8le Ester est l\u00e9ger !<\/p>\n<p><span style=\"font-size: 1.25rem;\">Bijou livr\u00e9 dans un petit pochon. Le plaqu\u00e9 or r\u00e9siste \u00e0 l\u2019eau.<\/span><\/p>\n<p>&nbsp;<\/p>\n","protected":false},"featured_media":14803,"template":"","meta":{"_seopress_robots_primary_cat":"none","_seopress_titles_title":"","_seopress_titles_desc":"","_seopress_robots_index":""},"product_brand":[],"product_cat":[36,38,126,138,58,62],"product_tag":[],"class_list":{"0":"post-14275","1":"product","2":"type-product","3":"status-publish","4":"has-post-thumbnail","6":"product_cat-bijoux","7":"product_cat-bo","8":"product_cat-bo-or","9":"product_cat-grandes-creoles","10":"product_cat-nouveautes","11":"product_cat-plaqueor","13":"first","14":"instock","15":"purchasable","16":"product-type-simple"},"_links":{"self":[{"href":"https:\/\/lortance.fr\/index.php?rest_route=\/wp\/v2\/product\/14275","targetHints":{"allow":["GET"]}}],"collection":[{"href":"https:\/\/lortance.fr\/index.php?rest_route=\/wp\/v2\/product"}],"about":[{"href":"https:\/\/lortance.fr\/index.php?rest_route=\/wp\/v2\/types\/product"}],"wp:featuredmedia":[{"embeddable":true,"href":"https:\/\/lortance.fr\/index.php?rest_route=\/wp\/v2\/media\/14803"}],"wp:attachment":[{"href":"https:\/\/lortance.fr\/index.php?rest_route=%2Fwp%2Fv2%2Fmedia&parent=14275"}],"wp:term":[{"taxonomy":"product_brand","embeddable":true,"href":"https:\/\/lortance.fr\/index.php?rest_route=%2Fwp%2Fv2%2Fproduct_brand&post=14275"},{"taxonomy":"product_cat","embeddable":true,"href":"https:\/\/lortance.fr\/index.php?rest_route=%2Fwp%2Fv2%2Fproduct_cat&post=14275"},{"taxonomy":"product_tag","embeddable":true,"href":"https:\/\/lortance.fr\/index.php?rest_route=%2Fwp%2Fv2%2Fproduct_tag&post=14275"}],"curies":[{"name":"wp","href":"https:\/\/api.w.org\/{rel}","templated":true}]}}