{"id":14331,"date":"2023-05-25T21:12:39","date_gmt":"2023-05-25T19:12:39","guid":{"rendered":"https:\/\/lortance.fr\/?post_type=product&#038;p=14331"},"modified":"2024-01-31T19:36:07","modified_gmt":"2024-01-31T18:36:07","slug":"berenice-etoiles-grand-modele","status":"publish","type":"product","link":"https:\/\/lortance.fr\/?product=berenice-etoiles-grand-modele","title":{"rendered":"B\u00e9r\u00e9nice \u2022 \u00e9toiles grand mod\u00e8le"},"content":{"rendered":"","protected":false},"excerpt":{"rendered":"<p>Boucles d\u2019oreilles en plaqu\u00e9 or.<\/p>\n<p>Le plaqu\u00e9 or r\u00e9siste \u00e0 l\u2019eau. Le bijou est livr\u00e9 dans un pochon.<\/p>\n","protected":false},"featured_media":14332,"template":"","meta":{"_seopress_robots_primary_cat":"none","_seopress_titles_title":"","_seopress_titles_desc":"","_seopress_robots_index":""},"product_brand":[],"product_cat":[36,38,126,147,136,174,62],"product_tag":[],"class_list":{"0":"post-14331","1":"product","2":"type-product","3":"status-publish","4":"has-post-thumbnail","6":"product_cat-bijoux","7":"product_cat-bo","8":"product_cat-bo-or","9":"product_cat-gift-wrap","10":"product_cat-mini-creoles","11":"product_cat-nos-essentiels","12":"product_cat-plaqueor","14":"first","15":"instock","16":"purchasable","17":"product-type-simple"},"_links":{"self":[{"href":"https:\/\/lortance.fr\/index.php?rest_route=\/wp\/v2\/product\/14331","targetHints":{"allow":["GET"]}}],"collection":[{"href":"https:\/\/lortance.fr\/index.php?rest_route=\/wp\/v2\/product"}],"about":[{"href":"https:\/\/lortance.fr\/index.php?rest_route=\/wp\/v2\/types\/product"}],"wp:featuredmedia":[{"embeddable":true,"href":"https:\/\/lortance.fr\/index.php?rest_route=\/wp\/v2\/media\/14332"}],"wp:attachment":[{"href":"https:\/\/lortance.fr\/index.php?rest_route=%2Fwp%2Fv2%2Fmedia&parent=14331"}],"wp:term":[{"taxonomy":"product_brand","embeddable":true,"href":"https:\/\/lortance.fr\/index.php?rest_route=%2Fwp%2Fv2%2Fproduct_brand&post=14331"},{"taxonomy":"product_cat","embeddable":true,"href":"https:\/\/lortance.fr\/index.php?rest_route=%2Fwp%2Fv2%2Fproduct_cat&post=14331"},{"taxonomy":"product_tag","embeddable":true,"href":"https:\/\/lortance.fr\/index.php?rest_route=%2Fwp%2Fv2%2Fproduct_tag&post=14331"}],"curies":[{"name":"wp","href":"https:\/\/api.w.org\/{rel}","templated":true}]}}