{"id":14388,"date":"2023-07-16T11:29:57","date_gmt":"2023-07-16T09:29:57","guid":{"rendered":"https:\/\/lortance.fr\/?post_type=product&#038;p=14388"},"modified":"2025-10-12T15:59:05","modified_gmt":"2025-10-12T13:59:05","slug":"lily","status":"publish","type":"product","link":"https:\/\/lortance.fr\/?product=lily","title":{"rendered":"Lily"},"content":{"rendered":"","protected":false},"excerpt":{"rendered":"<p>Le collier est en argent, muni d&rsquo;une m\u00e9daille en nacre naturelle.<\/p>\n<p>La longueur de la cha\u00eene est \u00e0 choisir. El\u00e9onore porte Lily avec une chaine de 40 cm.<\/p>\n<p>L&rsquo;argent r\u00e9siste \u00e0 l&rsquo;eau.<\/p>\n","protected":false},"featured_media":14394,"template":"","meta":{"_seopress_robots_primary_cat":"none","_seopress_titles_title":"","_seopress_titles_desc":"","_seopress_robots_index":""},"product_brand":[],"product_cat":[61,36,35,120],"product_tag":[],"class_list":{"0":"post-14388","1":"product","2":"type-product","3":"status-publish","4":"has-post-thumbnail","6":"product_cat-argent","7":"product_cat-bijoux","8":"product_cat-colliers","9":"product_cat-colliers-argent","11":"first","12":"instock","13":"purchasable","14":"product-type-variable"},"_links":{"self":[{"href":"https:\/\/lortance.fr\/index.php?rest_route=\/wp\/v2\/product\/14388","targetHints":{"allow":["GET"]}}],"collection":[{"href":"https:\/\/lortance.fr\/index.php?rest_route=\/wp\/v2\/product"}],"about":[{"href":"https:\/\/lortance.fr\/index.php?rest_route=\/wp\/v2\/types\/product"}],"wp:featuredmedia":[{"embeddable":true,"href":"https:\/\/lortance.fr\/index.php?rest_route=\/wp\/v2\/media\/14394"}],"wp:attachment":[{"href":"https:\/\/lortance.fr\/index.php?rest_route=%2Fwp%2Fv2%2Fmedia&parent=14388"}],"wp:term":[{"taxonomy":"product_brand","embeddable":true,"href":"https:\/\/lortance.fr\/index.php?rest_route=%2Fwp%2Fv2%2Fproduct_brand&post=14388"},{"taxonomy":"product_cat","embeddable":true,"href":"https:\/\/lortance.fr\/index.php?rest_route=%2Fwp%2Fv2%2Fproduct_cat&post=14388"},{"taxonomy":"product_tag","embeddable":true,"href":"https:\/\/lortance.fr\/index.php?rest_route=%2Fwp%2Fv2%2Fproduct_tag&post=14388"}],"curies":[{"name":"wp","href":"https:\/\/api.w.org\/{rel}","templated":true}]}}