{"id":14502,"date":"2023-11-01T20:05:13","date_gmt":"2023-11-01T19:05:13","guid":{"rendered":"https:\/\/lortance.fr\/?post_type=product&#038;p=14502"},"modified":"2023-11-01T20:10:05","modified_gmt":"2023-11-01T19:10:05","slug":"constance","status":"publish","type":"product","link":"https:\/\/lortance.fr\/?product=constance","title":{"rendered":"Constance"},"content":{"rendered":"","protected":false},"excerpt":{"rendered":"<p>Bracelet en plaqu\u00e9 or avec micros pastilles en plaqu\u00e9 or et perles en zirconium noir.<\/p>\n<p>Le plaqu\u00e9 or r\u00e9siste \u00e0 l&rsquo;eau. Le bijou est livr\u00e9 dans un pochon.<\/p>\n","protected":false},"featured_media":14506,"template":"","meta":{"_seopress_robots_primary_cat":"none","_seopress_titles_title":"","_seopress_titles_desc":"","_seopress_robots_index":"","_seopress_analysis_target_kw":""},"product_brand":[],"product_cat":[36,27,121,58,62],"product_tag":[],"class_list":{"0":"post-14502","1":"product","2":"type-product","3":"status-publish","4":"has-post-thumbnail","6":"product_cat-bijoux","7":"product_cat-bracelets","8":"product_cat-bracelets-plaque-or","9":"product_cat-nouveautes","10":"product_cat-plaqueor","12":"first","13":"instock","14":"purchasable","15":"product-type-simple"},"_links":{"self":[{"href":"https:\/\/lortance.fr\/index.php?rest_route=\/wp\/v2\/product\/14502","targetHints":{"allow":["GET"]}}],"collection":[{"href":"https:\/\/lortance.fr\/index.php?rest_route=\/wp\/v2\/product"}],"about":[{"href":"https:\/\/lortance.fr\/index.php?rest_route=\/wp\/v2\/types\/product"}],"wp:featuredmedia":[{"embeddable":true,"href":"https:\/\/lortance.fr\/index.php?rest_route=\/wp\/v2\/media\/14506"}],"wp:attachment":[{"href":"https:\/\/lortance.fr\/index.php?rest_route=%2Fwp%2Fv2%2Fmedia&parent=14502"}],"wp:term":[{"taxonomy":"product_brand","embeddable":true,"href":"https:\/\/lortance.fr\/index.php?rest_route=%2Fwp%2Fv2%2Fproduct_brand&post=14502"},{"taxonomy":"product_cat","embeddable":true,"href":"https:\/\/lortance.fr\/index.php?rest_route=%2Fwp%2Fv2%2Fproduct_cat&post=14502"},{"taxonomy":"product_tag","embeddable":true,"href":"https:\/\/lortance.fr\/index.php?rest_route=%2Fwp%2Fv2%2Fproduct_tag&post=14502"}],"curies":[{"name":"wp","href":"https:\/\/api.w.org\/{rel}","templated":true}]}}