{"id":14817,"date":"2024-06-10T18:56:05","date_gmt":"2024-06-10T16:56:05","guid":{"rendered":"https:\/\/lortance.fr\/?post_type=product&#038;p=14817"},"modified":"2024-06-10T18:59:20","modified_gmt":"2024-06-10T16:59:20","slug":"heloise-argent","status":"publish","type":"product","link":"https:\/\/lortance.fr\/?product=heloise-argent","title":{"rendered":"H\u00e9lo\u00efse \u2022 Argent"},"content":{"rendered":"","protected":false},"excerpt":{"rendered":"<p>Bague en argent avec pierre de zirconium courant l&rsquo;int\u00e9gralit\u00e9 de la bague.<\/p>\n<p>Bijou livr\u00e9 dans un petit pochon. L&rsquo;argent r\u00e9siste \u00e0 l&rsquo;eau.<\/p>\n<p>&nbsp;<\/p>\n","protected":false},"featured_media":14809,"template":"","meta":{"_seopress_robots_primary_cat":"none","_seopress_titles_title":"","_seopress_titles_desc":"","_seopress_robots_index":""},"product_brand":[],"product_cat":[61,19,117,36,147,58],"product_tag":[],"class_list":{"0":"post-14817","1":"product","2":"type-product","3":"status-publish","4":"has-post-thumbnail","6":"product_cat-argent","7":"product_cat-bagues","8":"product_cat-bagues-argent","9":"product_cat-bijoux","10":"product_cat-gift-wrap","11":"product_cat-nouveautes","13":"first","14":"instock","15":"purchasable","16":"product-type-variable"},"_links":{"self":[{"href":"https:\/\/lortance.fr\/index.php?rest_route=\/wp\/v2\/product\/14817","targetHints":{"allow":["GET"]}}],"collection":[{"href":"https:\/\/lortance.fr\/index.php?rest_route=\/wp\/v2\/product"}],"about":[{"href":"https:\/\/lortance.fr\/index.php?rest_route=\/wp\/v2\/types\/product"}],"wp:featuredmedia":[{"embeddable":true,"href":"https:\/\/lortance.fr\/index.php?rest_route=\/wp\/v2\/media\/14809"}],"wp:attachment":[{"href":"https:\/\/lortance.fr\/index.php?rest_route=%2Fwp%2Fv2%2Fmedia&parent=14817"}],"wp:term":[{"taxonomy":"product_brand","embeddable":true,"href":"https:\/\/lortance.fr\/index.php?rest_route=%2Fwp%2Fv2%2Fproduct_brand&post=14817"},{"taxonomy":"product_cat","embeddable":true,"href":"https:\/\/lortance.fr\/index.php?rest_route=%2Fwp%2Fv2%2Fproduct_cat&post=14817"},{"taxonomy":"product_tag","embeddable":true,"href":"https:\/\/lortance.fr\/index.php?rest_route=%2Fwp%2Fv2%2Fproduct_tag&post=14817"}],"curies":[{"name":"wp","href":"https:\/\/api.w.org\/{rel}","templated":true}]}}