{"id":14990,"date":"2025-01-26T12:38:05","date_gmt":"2025-01-26T11:38:05","guid":{"rendered":"https:\/\/lortance.fr\/?post_type=product&#038;p=14990"},"modified":"2025-01-26T12:50:41","modified_gmt":"2025-01-26T11:50:41","slug":"simone","status":"publish","type":"product","link":"https:\/\/lortance.fr\/?product=simone","title":{"rendered":"Simone"},"content":{"rendered":"<p>Bague en plaqu\u00e9 or. Orn\u00e9e de pierres de zirconium.<\/p>\n<p>Elle r\u00e9siste \u00e0 l&rsquo;eau &amp; toutes les intemp\u00e9ries de la vie.<\/p>\n","protected":false},"excerpt":{"rendered":"<p>Bague en plaqu\u00e9 or avec fantaisies en pierre de zirconium transparentes.<\/p>\n<p>Bijou livr\u00e9 dans un petit pochon. Le plaqu\u00e9 or r\u00e9siste \u00e0 l\u2019eau.<\/p>\n<p>&nbsp;<\/p>\n","protected":false},"featured_media":14978,"template":"","meta":{"_seopress_robots_primary_cat":"none","_seopress_titles_title":"","_seopress_titles_desc":"","_seopress_robots_index":""},"product_brand":[],"product_cat":[19,125,36,147,58,62],"product_tag":[],"class_list":{"0":"post-14990","1":"product","2":"type-product","3":"status-publish","4":"has-post-thumbnail","6":"product_cat-bagues","7":"product_cat-bague-plaque-or","8":"product_cat-bijoux","9":"product_cat-gift-wrap","10":"product_cat-nouveautes","11":"product_cat-plaqueor","13":"first","14":"instock","15":"purchasable","16":"product-type-variable"},"_links":{"self":[{"href":"https:\/\/lortance.fr\/index.php?rest_route=\/wp\/v2\/product\/14990","targetHints":{"allow":["GET"]}}],"collection":[{"href":"https:\/\/lortance.fr\/index.php?rest_route=\/wp\/v2\/product"}],"about":[{"href":"https:\/\/lortance.fr\/index.php?rest_route=\/wp\/v2\/types\/product"}],"wp:featuredmedia":[{"embeddable":true,"href":"https:\/\/lortance.fr\/index.php?rest_route=\/wp\/v2\/media\/14978"}],"wp:attachment":[{"href":"https:\/\/lortance.fr\/index.php?rest_route=%2Fwp%2Fv2%2Fmedia&parent=14990"}],"wp:term":[{"taxonomy":"product_brand","embeddable":true,"href":"https:\/\/lortance.fr\/index.php?rest_route=%2Fwp%2Fv2%2Fproduct_brand&post=14990"},{"taxonomy":"product_cat","embeddable":true,"href":"https:\/\/lortance.fr\/index.php?rest_route=%2Fwp%2Fv2%2Fproduct_cat&post=14990"},{"taxonomy":"product_tag","embeddable":true,"href":"https:\/\/lortance.fr\/index.php?rest_route=%2Fwp%2Fv2%2Fproduct_tag&post=14990"}],"curies":[{"name":"wp","href":"https:\/\/api.w.org\/{rel}","templated":true}]}}