{"id":15034,"date":"2025-03-16T17:53:29","date_gmt":"2025-03-16T16:53:29","guid":{"rendered":"https:\/\/lortance.fr\/?post_type=product&#038;p=15034"},"modified":"2025-06-08T15:01:59","modified_gmt":"2025-06-08T13:01:59","slug":"lina-4","status":"publish","type":"product","link":"https:\/\/lortance.fr\/?product=lina-4","title":{"rendered":"Lina"},"content":{"rendered":"","protected":false},"excerpt":{"rendered":"<p>Boucles d&rsquo;oreilles en plaqu\u00e9 or.<\/p>\n<p>36 mm de longueur.<\/p>\n<p>Le plaqu\u00e9 or r\u00e9siste \u00e0 l&rsquo;eau. Le bijou est livr\u00e9 dans un pochon.<\/p>\n","protected":false},"featured_media":15037,"template":"","meta":{"_seopress_robots_primary_cat":"none","_seopress_titles_title":"","_seopress_titles_desc":"","_seopress_robots_index":""},"product_brand":[],"product_cat":[36,38,126,147,222,136,58,62],"product_tag":[],"class_list":{"0":"post-15034","1":"product","2":"type-product","3":"status-publish","4":"has-post-thumbnail","6":"product_cat-bijoux","7":"product_cat-bo","8":"product_cat-bo-or","9":"product_cat-gift-wrap","10":"product_cat-la-copine-de-la-mariee","11":"product_cat-mini-creoles","12":"product_cat-nouveautes","13":"product_cat-plaqueor","15":"first","16":"instock","17":"purchasable","18":"product-type-simple"},"_links":{"self":[{"href":"https:\/\/lortance.fr\/index.php?rest_route=\/wp\/v2\/product\/15034","targetHints":{"allow":["GET"]}}],"collection":[{"href":"https:\/\/lortance.fr\/index.php?rest_route=\/wp\/v2\/product"}],"about":[{"href":"https:\/\/lortance.fr\/index.php?rest_route=\/wp\/v2\/types\/product"}],"wp:featuredmedia":[{"embeddable":true,"href":"https:\/\/lortance.fr\/index.php?rest_route=\/wp\/v2\/media\/15037"}],"wp:attachment":[{"href":"https:\/\/lortance.fr\/index.php?rest_route=%2Fwp%2Fv2%2Fmedia&parent=15034"}],"wp:term":[{"taxonomy":"product_brand","embeddable":true,"href":"https:\/\/lortance.fr\/index.php?rest_route=%2Fwp%2Fv2%2Fproduct_brand&post=15034"},{"taxonomy":"product_cat","embeddable":true,"href":"https:\/\/lortance.fr\/index.php?rest_route=%2Fwp%2Fv2%2Fproduct_cat&post=15034"},{"taxonomy":"product_tag","embeddable":true,"href":"https:\/\/lortance.fr\/index.php?rest_route=%2Fwp%2Fv2%2Fproduct_tag&post=15034"}],"curies":[{"name":"wp","href":"https:\/\/api.w.org\/{rel}","templated":true}]}}