{"id":15066,"date":"2025-04-13T16:05:47","date_gmt":"2025-04-13T14:05:47","guid":{"rendered":"https:\/\/lortance.fr\/?post_type=product&#038;p=15066"},"modified":"2025-06-21T19:44:38","modified_gmt":"2025-06-21T17:44:38","slug":"blandine-perles-deau-douce","status":"publish","type":"product","link":"https:\/\/lortance.fr\/?product=blandine-perles-deau-douce","title":{"rendered":"Blandine &#8211; perles d&rsquo;eau douce"},"content":{"rendered":"","protected":false},"excerpt":{"rendered":"<p>Boucles d&rsquo;oreilles pendantes en plaqu\u00e9 or.<br \/>\nElles se stabilisent gr\u00e2ce au syst\u00e8me incurv\u00e9.<br \/>\nLes perles sont en perles d&rsquo;eau douce.<\/p>\n<p>Le plaqu\u00e9 or r\u00e9siste \u00e0 l&rsquo;eau. Le bijou est livr\u00e9 dans un pochon.<\/p>\n","protected":false},"featured_media":15068,"template":"","meta":{"_seopress_robots_primary_cat":"none","_seopress_titles_title":"","_seopress_titles_desc":"","_seopress_robots_index":""},"product_brand":[],"product_cat":[36,38,126,147,222,58,62],"product_tag":[],"class_list":{"0":"post-15066","1":"product","2":"type-product","3":"status-publish","4":"has-post-thumbnail","6":"product_cat-bijoux","7":"product_cat-bo","8":"product_cat-bo-or","9":"product_cat-gift-wrap","10":"product_cat-la-copine-de-la-mariee","11":"product_cat-nouveautes","12":"product_cat-plaqueor","14":"first","15":"instock","16":"purchasable","17":"product-type-simple"},"_links":{"self":[{"href":"https:\/\/lortance.fr\/index.php?rest_route=\/wp\/v2\/product\/15066","targetHints":{"allow":["GET"]}}],"collection":[{"href":"https:\/\/lortance.fr\/index.php?rest_route=\/wp\/v2\/product"}],"about":[{"href":"https:\/\/lortance.fr\/index.php?rest_route=\/wp\/v2\/types\/product"}],"wp:featuredmedia":[{"embeddable":true,"href":"https:\/\/lortance.fr\/index.php?rest_route=\/wp\/v2\/media\/15068"}],"wp:attachment":[{"href":"https:\/\/lortance.fr\/index.php?rest_route=%2Fwp%2Fv2%2Fmedia&parent=15066"}],"wp:term":[{"taxonomy":"product_brand","embeddable":true,"href":"https:\/\/lortance.fr\/index.php?rest_route=%2Fwp%2Fv2%2Fproduct_brand&post=15066"},{"taxonomy":"product_cat","embeddable":true,"href":"https:\/\/lortance.fr\/index.php?rest_route=%2Fwp%2Fv2%2Fproduct_cat&post=15066"},{"taxonomy":"product_tag","embeddable":true,"href":"https:\/\/lortance.fr\/index.php?rest_route=%2Fwp%2Fv2%2Fproduct_tag&post=15066"}],"curies":[{"name":"wp","href":"https:\/\/api.w.org\/{rel}","templated":true}]}}