{"id":15145,"date":"2025-06-01T15:12:59","date_gmt":"2025-06-01T13:12:59","guid":{"rendered":"https:\/\/lortance.fr\/?post_type=product&#038;p=15145"},"modified":"2025-06-01T15:14:10","modified_gmt":"2025-06-01T13:14:10","slug":"constancia-argent","status":"publish","type":"product","link":"https:\/\/lortance.fr\/?product=constancia-argent","title":{"rendered":"Constancia &#8211; Argent"},"content":{"rendered":"<p>Bague en argent rhodi\u00e9. Orn\u00e9e de pierres de zirconium.<\/p>\n<p>Elle r\u00e9siste \u00e0 l&rsquo;eau &amp; toutes les intemp\u00e9ries de la vie.<\/p>\n","protected":false},"excerpt":{"rendered":"<p>Bague en plaqu\u00e9 or avec fantaisies en pierre de zirconium transparentes.<\/p>\n<p>Bijou livr\u00e9 dans un petit pochon. Le plaqu\u00e9 or r\u00e9siste \u00e0 l\u2019eau.<\/p>\n<p>&nbsp;<\/p>\n","protected":false},"featured_media":15139,"template":"","meta":{"_seopress_robots_primary_cat":"none","_seopress_titles_title":"","_seopress_titles_desc":"","_seopress_robots_index":""},"product_brand":[],"product_cat":[61,19,117,125,36,147,58],"product_tag":[],"class_list":{"0":"post-15145","1":"product","2":"type-product","3":"status-publish","4":"has-post-thumbnail","6":"product_cat-argent","7":"product_cat-bagues","8":"product_cat-bagues-argent","9":"product_cat-bague-plaque-or","10":"product_cat-bijoux","11":"product_cat-gift-wrap","12":"product_cat-nouveautes","14":"first","15":"instock","16":"purchasable","17":"product-type-variable"},"_links":{"self":[{"href":"https:\/\/lortance.fr\/index.php?rest_route=\/wp\/v2\/product\/15145","targetHints":{"allow":["GET"]}}],"collection":[{"href":"https:\/\/lortance.fr\/index.php?rest_route=\/wp\/v2\/product"}],"about":[{"href":"https:\/\/lortance.fr\/index.php?rest_route=\/wp\/v2\/types\/product"}],"wp:featuredmedia":[{"embeddable":true,"href":"https:\/\/lortance.fr\/index.php?rest_route=\/wp\/v2\/media\/15139"}],"wp:attachment":[{"href":"https:\/\/lortance.fr\/index.php?rest_route=%2Fwp%2Fv2%2Fmedia&parent=15145"}],"wp:term":[{"taxonomy":"product_brand","embeddable":true,"href":"https:\/\/lortance.fr\/index.php?rest_route=%2Fwp%2Fv2%2Fproduct_brand&post=15145"},{"taxonomy":"product_cat","embeddable":true,"href":"https:\/\/lortance.fr\/index.php?rest_route=%2Fwp%2Fv2%2Fproduct_cat&post=15145"},{"taxonomy":"product_tag","embeddable":true,"href":"https:\/\/lortance.fr\/index.php?rest_route=%2Fwp%2Fv2%2Fproduct_tag&post=15145"}],"curies":[{"name":"wp","href":"https:\/\/api.w.org\/{rel}","templated":true}]}}