{"id":15153,"date":"2025-06-08T12:28:46","date_gmt":"2025-06-08T10:28:46","guid":{"rendered":"https:\/\/lortance.fr\/?post_type=product&#038;p=15153"},"modified":"2025-09-21T14:02:47","modified_gmt":"2025-09-21T12:02:47","slug":"maxence","status":"publish","type":"product","link":"https:\/\/lortance.fr\/?product=maxence","title":{"rendered":"Pablo"},"content":{"rendered":"","protected":false},"excerpt":{"rendered":"<p>Bracelet en plaqu\u00e9 or, avec quatre tr\u00e8fles en nacre, avec fermoir.<\/p>\n<p>Bijou livr\u00e9 dans un petit pochon. Le plaqu\u00e9 or r\u00e9siste \u00e0 l\u2019eau.<\/p>\n","protected":false},"featured_media":15154,"template":"","meta":{"_seopress_robots_primary_cat":"none","_seopress_titles_title":"","_seopress_titles_desc":"","_seopress_robots_index":""},"product_brand":[],"product_cat":[36,27,121,58,62],"product_tag":[],"class_list":{"0":"post-15153","1":"product","2":"type-product","3":"status-publish","4":"has-post-thumbnail","6":"product_cat-bijoux","7":"product_cat-bracelets","8":"product_cat-bracelets-plaque-or","9":"product_cat-nouveautes","10":"product_cat-plaqueor","12":"first","13":"instock","14":"purchasable","15":"product-type-simple"},"_links":{"self":[{"href":"https:\/\/lortance.fr\/index.php?rest_route=\/wp\/v2\/product\/15153","targetHints":{"allow":["GET"]}}],"collection":[{"href":"https:\/\/lortance.fr\/index.php?rest_route=\/wp\/v2\/product"}],"about":[{"href":"https:\/\/lortance.fr\/index.php?rest_route=\/wp\/v2\/types\/product"}],"wp:featuredmedia":[{"embeddable":true,"href":"https:\/\/lortance.fr\/index.php?rest_route=\/wp\/v2\/media\/15154"}],"wp:attachment":[{"href":"https:\/\/lortance.fr\/index.php?rest_route=%2Fwp%2Fv2%2Fmedia&parent=15153"}],"wp:term":[{"taxonomy":"product_brand","embeddable":true,"href":"https:\/\/lortance.fr\/index.php?rest_route=%2Fwp%2Fv2%2Fproduct_brand&post=15153"},{"taxonomy":"product_cat","embeddable":true,"href":"https:\/\/lortance.fr\/index.php?rest_route=%2Fwp%2Fv2%2Fproduct_cat&post=15153"},{"taxonomy":"product_tag","embeddable":true,"href":"https:\/\/lortance.fr\/index.php?rest_route=%2Fwp%2Fv2%2Fproduct_tag&post=15153"}],"curies":[{"name":"wp","href":"https:\/\/api.w.org\/{rel}","templated":true}]}}