{"id":4846,"date":"2020-01-26T17:59:00","date_gmt":"2020-01-26T16:59:00","guid":{"rendered":"https:\/\/lortance.fr\/?post_type=product&#038;p=4846"},"modified":"2021-08-21T15:44:32","modified_gmt":"2021-08-21T13:44:32","slug":"philippine-argent","status":"publish","type":"product","link":"https:\/\/lortance.fr\/?product=philippine-argent","title":{"rendered":"Philippine Argent"},"content":{"rendered":"","protected":false},"excerpt":{"rendered":"<p>Cr\u00e9oles en argent 3,5cm de diam\u00e8tre.<\/p>\n<p>Les boucles sont livr\u00e9es dans un petit pochon. L&rsquo;argent r\u00e9siste \u00e0 l&rsquo;eau.<\/p>\n","protected":false},"featured_media":4848,"template":"","meta":{"_seopress_robots_primary_cat":"","_seopress_titles_title":"","_seopress_titles_desc":"","_seopress_robots_index":""},"product_brand":[],"product_cat":[61,36,38,127],"product_tag":[],"class_list":{"0":"post-4846","1":"product","2":"type-product","3":"status-publish","4":"has-post-thumbnail","6":"product_cat-argent","7":"product_cat-bijoux","8":"product_cat-bo","9":"product_cat-bo-argent","11":"first","12":"instock","13":"purchasable","14":"product-type-simple"},"_links":{"self":[{"href":"https:\/\/lortance.fr\/index.php?rest_route=\/wp\/v2\/product\/4846","targetHints":{"allow":["GET"]}}],"collection":[{"href":"https:\/\/lortance.fr\/index.php?rest_route=\/wp\/v2\/product"}],"about":[{"href":"https:\/\/lortance.fr\/index.php?rest_route=\/wp\/v2\/types\/product"}],"wp:featuredmedia":[{"embeddable":true,"href":"https:\/\/lortance.fr\/index.php?rest_route=\/wp\/v2\/media\/4848"}],"wp:attachment":[{"href":"https:\/\/lortance.fr\/index.php?rest_route=%2Fwp%2Fv2%2Fmedia&parent=4846"}],"wp:term":[{"taxonomy":"product_brand","embeddable":true,"href":"https:\/\/lortance.fr\/index.php?rest_route=%2Fwp%2Fv2%2Fproduct_brand&post=4846"},{"taxonomy":"product_cat","embeddable":true,"href":"https:\/\/lortance.fr\/index.php?rest_route=%2Fwp%2Fv2%2Fproduct_cat&post=4846"},{"taxonomy":"product_tag","embeddable":true,"href":"https:\/\/lortance.fr\/index.php?rest_route=%2Fwp%2Fv2%2Fproduct_tag&post=4846"}],"curies":[{"name":"wp","href":"https:\/\/api.w.org\/{rel}","templated":true}]}}