{"id":485,"date":"2019-09-11T15:34:33","date_gmt":"2019-09-11T13:34:33","guid":{"rendered":"http:\/\/lortance.fr\/?post_type=product&#038;p=485"},"modified":"2024-09-24T14:25:06","modified_gmt":"2024-09-24T12:25:06","slug":"malo","status":"publish","type":"product","link":"https:\/\/lortance.fr\/?product=malo","title":{"rendered":"Malo &#8211; Plaqu\u00e9 Or"},"content":{"rendered":"","protected":false},"excerpt":{"rendered":"<p>Le collier est en plaqu\u00e9 or, muni d&rsquo;une m\u00e9daille de 15 mm de diam\u00e8tre et d&rsquo;une croix de 7mm avec pierre de zirconium.<\/p>\n<p>La longueur de la cha\u00eene est \u00e0 choisir.<\/p>\n","protected":false},"featured_media":13182,"template":"","meta":{"_seopress_robots_primary_cat":"none","_seopress_titles_title":"","_seopress_titles_desc":"","_seopress_robots_index":""},"product_brand":[],"product_cat":[36,35,122,62],"product_tag":[],"class_list":{"0":"post-485","1":"product","2":"type-product","3":"status-publish","4":"has-post-thumbnail","6":"product_cat-bijoux","7":"product_cat-colliers","8":"product_cat-colliers-plaque-or","9":"product_cat-plaqueor","11":"first","12":"instock","13":"purchasable","14":"product-type-variable","15":"has-default-attributes"},"_links":{"self":[{"href":"https:\/\/lortance.fr\/index.php?rest_route=\/wp\/v2\/product\/485","targetHints":{"allow":["GET"]}}],"collection":[{"href":"https:\/\/lortance.fr\/index.php?rest_route=\/wp\/v2\/product"}],"about":[{"href":"https:\/\/lortance.fr\/index.php?rest_route=\/wp\/v2\/types\/product"}],"wp:featuredmedia":[{"embeddable":true,"href":"https:\/\/lortance.fr\/index.php?rest_route=\/wp\/v2\/media\/13182"}],"wp:attachment":[{"href":"https:\/\/lortance.fr\/index.php?rest_route=%2Fwp%2Fv2%2Fmedia&parent=485"}],"wp:term":[{"taxonomy":"product_brand","embeddable":true,"href":"https:\/\/lortance.fr\/index.php?rest_route=%2Fwp%2Fv2%2Fproduct_brand&post=485"},{"taxonomy":"product_cat","embeddable":true,"href":"https:\/\/lortance.fr\/index.php?rest_route=%2Fwp%2Fv2%2Fproduct_cat&post=485"},{"taxonomy":"product_tag","embeddable":true,"href":"https:\/\/lortance.fr\/index.php?rest_route=%2Fwp%2Fv2%2Fproduct_tag&post=485"}],"curies":[{"name":"wp","href":"https:\/\/api.w.org\/{rel}","templated":true}]}}