{"id":4864,"date":"2020-01-26T18:22:02","date_gmt":"2020-01-26T17:22:02","guid":{"rendered":"https:\/\/lortance.fr\/?post_type=product&#038;p=4864"},"modified":"2025-12-06T18:29:17","modified_gmt":"2025-12-06T17:29:17","slug":"solene-plaque-or","status":"publish","type":"product","link":"https:\/\/lortance.fr\/?product=solene-plaque-or","title":{"rendered":"Sol\u00e8ne &#8211; Plaqu\u00e9 Or"},"content":{"rendered":"","protected":false},"excerpt":{"rendered":"<p>Boucles d\u2019oreilles \u00e0 clous.<\/p>\n<p>Les boucles sont livr\u00e9es dans un petit pochon. Le plaqu\u00e9 or r\u00e9siste \u00e0 l\u2019eau.<\/p>\n<ul>\n<li>Grand mod\u00e8le : 24 mm de diam\u00e8tre ;<\/li>\n<li>Moyen mod\u00e8le : 11 mm de diam\u00e8tre ; et<\/li>\n<li>Petit mod\u00e8le : 8 mm de diam\u00e8tre.<\/li>\n<\/ul>\n","protected":false},"featured_media":13145,"template":"","meta":{"_seopress_robots_primary_cat":"none","_seopress_titles_title":"","_seopress_titles_desc":"","_seopress_robots_index":""},"product_brand":[],"product_cat":[36,38,126,137,174,62],"product_tag":[],"class_list":{"0":"post-4864","1":"product","2":"type-product","3":"status-publish","4":"has-post-thumbnail","6":"product_cat-bijoux","7":"product_cat-bo","8":"product_cat-bo-or","9":"product_cat-clous","10":"product_cat-nos-essentiels","11":"product_cat-plaqueor","13":"first","14":"instock","15":"purchasable","16":"product-type-variable"},"_links":{"self":[{"href":"https:\/\/lortance.fr\/index.php?rest_route=\/wp\/v2\/product\/4864","targetHints":{"allow":["GET"]}}],"collection":[{"href":"https:\/\/lortance.fr\/index.php?rest_route=\/wp\/v2\/product"}],"about":[{"href":"https:\/\/lortance.fr\/index.php?rest_route=\/wp\/v2\/types\/product"}],"wp:featuredmedia":[{"embeddable":true,"href":"https:\/\/lortance.fr\/index.php?rest_route=\/wp\/v2\/media\/13145"}],"wp:attachment":[{"href":"https:\/\/lortance.fr\/index.php?rest_route=%2Fwp%2Fv2%2Fmedia&parent=4864"}],"wp:term":[{"taxonomy":"product_brand","embeddable":true,"href":"https:\/\/lortance.fr\/index.php?rest_route=%2Fwp%2Fv2%2Fproduct_brand&post=4864"},{"taxonomy":"product_cat","embeddable":true,"href":"https:\/\/lortance.fr\/index.php?rest_route=%2Fwp%2Fv2%2Fproduct_cat&post=4864"},{"taxonomy":"product_tag","embeddable":true,"href":"https:\/\/lortance.fr\/index.php?rest_route=%2Fwp%2Fv2%2Fproduct_tag&post=4864"}],"curies":[{"name":"wp","href":"https:\/\/api.w.org\/{rel}","templated":true}]}}