{"id":79,"date":"2019-09-08T16:15:35","date_gmt":"2019-09-08T14:15:35","guid":{"rendered":"http:\/\/lortance.fr\/?post_type=product&#038;p=79"},"modified":"2025-04-12T12:05:10","modified_gmt":"2025-04-12T10:05:10","slug":"flo","status":"publish","type":"product","link":"https:\/\/lortance.fr\/?product=flo","title":{"rendered":"Flo"},"content":{"rendered":"","protected":false},"excerpt":{"rendered":"<p>Boucles d&rsquo;oreilles \u00e0 clous. Plaqu\u00e9 or.<\/p>\n<p>2,2 cm de diam\u00e8tre.<\/p>\n<p>Bijou livr\u00e9 dans un petit pochon. Le plaqu\u00e9 or r\u00e9siste \u00e0 l&rsquo;eau.<\/p>\n<p>&nbsp;<\/p>\n","protected":false},"featured_media":80,"template":"","meta":{"_seopress_robots_primary_cat":"none","_seopress_titles_title":"","_seopress_titles_desc":"","_seopress_robots_index":""},"product_brand":[],"product_cat":[36,38,126,137,62],"product_tag":[],"class_list":{"0":"post-79","1":"product","2":"type-product","3":"status-publish","4":"has-post-thumbnail","6":"product_cat-bijoux","7":"product_cat-bo","8":"product_cat-bo-or","9":"product_cat-clous","10":"product_cat-plaqueor","12":"first","13":"instock","14":"purchasable","15":"product-type-simple"},"_links":{"self":[{"href":"https:\/\/lortance.fr\/index.php?rest_route=\/wp\/v2\/product\/79","targetHints":{"allow":["GET"]}}],"collection":[{"href":"https:\/\/lortance.fr\/index.php?rest_route=\/wp\/v2\/product"}],"about":[{"href":"https:\/\/lortance.fr\/index.php?rest_route=\/wp\/v2\/types\/product"}],"wp:featuredmedia":[{"embeddable":true,"href":"https:\/\/lortance.fr\/index.php?rest_route=\/wp\/v2\/media\/80"}],"wp:attachment":[{"href":"https:\/\/lortance.fr\/index.php?rest_route=%2Fwp%2Fv2%2Fmedia&parent=79"}],"wp:term":[{"taxonomy":"product_brand","embeddable":true,"href":"https:\/\/lortance.fr\/index.php?rest_route=%2Fwp%2Fv2%2Fproduct_brand&post=79"},{"taxonomy":"product_cat","embeddable":true,"href":"https:\/\/lortance.fr\/index.php?rest_route=%2Fwp%2Fv2%2Fproduct_cat&post=79"},{"taxonomy":"product_tag","embeddable":true,"href":"https:\/\/lortance.fr\/index.php?rest_route=%2Fwp%2Fv2%2Fproduct_tag&post=79"}],"curies":[{"name":"wp","href":"https:\/\/api.w.org\/{rel}","templated":true}]}}