{"id":9206,"date":"2020-05-01T13:51:38","date_gmt":"2020-05-01T11:51:38","guid":{"rendered":"https:\/\/lortance.fr\/?post_type=product&#038;p=9206"},"modified":"2022-09-03T17:14:05","modified_gmt":"2022-09-03T15:14:05","slug":"clarisse-plaque-or","status":"publish","type":"product","link":"https:\/\/lortance.fr\/?product=clarisse-plaque-or","title":{"rendered":"Clarisse &#8211; Plaqu\u00e9 or"},"content":{"rendered":"","protected":false},"excerpt":{"rendered":"<p>Bague en plaqu\u00e9 or rigide.<\/p>\n<p>A assortir avec d&rsquo;autres bagues&#8230;<\/p>\n<p>Bijou livr\u00e9 dans un petit pochon. Le plaqu\u00e9 or r\u00e9siste \u00e0 l\u2019eau.<\/p>\n<p>&nbsp;<\/p>\n","protected":false},"featured_media":9213,"template":"","meta":{"_seopress_robots_primary_cat":"","_seopress_titles_title":"","_seopress_titles_desc":"","_seopress_robots_index":""},"product_brand":[],"product_cat":[19,125,36,147,62],"product_tag":[],"class_list":{"0":"post-9206","1":"product","2":"type-product","3":"status-publish","4":"has-post-thumbnail","6":"product_cat-bagues","7":"product_cat-bague-plaque-or","8":"product_cat-bijoux","9":"product_cat-gift-wrap","10":"product_cat-plaqueor","12":"first","13":"instock","14":"purchasable","15":"product-type-variable"},"_links":{"self":[{"href":"https:\/\/lortance.fr\/index.php?rest_route=\/wp\/v2\/product\/9206","targetHints":{"allow":["GET"]}}],"collection":[{"href":"https:\/\/lortance.fr\/index.php?rest_route=\/wp\/v2\/product"}],"about":[{"href":"https:\/\/lortance.fr\/index.php?rest_route=\/wp\/v2\/types\/product"}],"wp:featuredmedia":[{"embeddable":true,"href":"https:\/\/lortance.fr\/index.php?rest_route=\/wp\/v2\/media\/9213"}],"wp:attachment":[{"href":"https:\/\/lortance.fr\/index.php?rest_route=%2Fwp%2Fv2%2Fmedia&parent=9206"}],"wp:term":[{"taxonomy":"product_brand","embeddable":true,"href":"https:\/\/lortance.fr\/index.php?rest_route=%2Fwp%2Fv2%2Fproduct_brand&post=9206"},{"taxonomy":"product_cat","embeddable":true,"href":"https:\/\/lortance.fr\/index.php?rest_route=%2Fwp%2Fv2%2Fproduct_cat&post=9206"},{"taxonomy":"product_tag","embeddable":true,"href":"https:\/\/lortance.fr\/index.php?rest_route=%2Fwp%2Fv2%2Fproduct_tag&post=9206"}],"curies":[{"name":"wp","href":"https:\/\/api.w.org\/{rel}","templated":true}]}}